{"id":6761,"date":"2025-02-13T02:55:05","date_gmt":"2025-02-13T02:55:05","guid":{"rendered":"https:\/\/www.injuryclaimnyclaw.com\/?page_id=6761"},"modified":"2025-04-03T12:57:09","modified_gmt":"2025-04-03T12:57:09","slug":"accidentes-peatonales","status":"publish","type":"page","link":"https:\/\/www.injuryclaimnyclaw.com\/es\/accidentes-peatonales\/","title":{"rendered":"Accidentes Peatonales"},"content":{"rendered":"<h2>Resultar herido en una colisi\u00f3n vehicular como peat\u00f3n frecuentemente es el resultado de las acciones negligentes o la inacci\u00f3n del conductor.<\/h2>\n<p>En una ciudad tan congestionada como la ciudad de Nueva York, con frecuencia ocurren accidentes en cualquier lugar donde coincidan el tr\u00e1fico peatonal y vehicular.<\/p>\n<h2>Causas de accidentes peatonales<\/h2>\n<ul>\n<li>Conducci\u00f3n agresiva\/ira en la carretera<\/li>\n<li>Ignorar se\u00f1ales de ceda el paso o luces de cruce peatonal<\/li>\n<li>Conducci\u00f3n distra\u00edda<\/li>\n<li>Conducir bajo la influencia del alcohol o drogas<\/li>\n<li>Conducir cansado\/fatigado<\/li>\n<li>No ceder el paso en los cruces marcados o intersecciones<\/li>\n<li>Mantenimiento vehicular inadecuado, especialmente mantenimiento de neum\u00e1ticos y frenos<\/li>\n<li>Adelantar a un veh\u00edculo detenido para ceder el paso a un peat\u00f3n que cruza<\/li>\n<li>Conducci\u00f3n imprudente, incluyendo exceso de velocidad o zigzaguear entre el tr\u00e1fico<\/li>\n<li>Pasarse los sem\u00e1foros en rojo o se\u00f1ales de alto<\/li>\n<li>Exceso de velocidad o conducir demasiado r\u00e1pido para las condiciones<\/li>\n<li>Girar sin se\u00f1alizar o sin revisar si hay peatones cruzando la intersecci\u00f3n<\/li>\n<\/ul>\n<h2>Siguientes pasos despu\u00e9s de un accidente peatonal<\/h2>\n<p><img loading=\"lazy\" decoding=\"async\" class=\"size-medium wp-image-16651 alignright\" src=\"https:\/\/www.injuryclaimnyclaw.com\/wp-content\/uploads\/2025\/03\/DSC00289-1024x682-1-300x200.webp\" alt=\"\" width=\"300\" height=\"200\" srcset=\"https:\/\/www.injuryclaimnyclaw.com\/wp-content\/uploads\/2025\/03\/DSC00289-1024x682-1-300x200.webp 300w, https:\/\/www.injuryclaimnyclaw.com\/wp-content\/uploads\/2025\/03\/DSC00289-1024x682-1-768x512.webp 768w, https:\/\/www.injuryclaimnyclaw.com\/wp-content\/uploads\/2025\/03\/DSC00289-1024x682-1.webp 1024w\" sizes=\"auto, (max-width: 300px) 100vw, 300px\" \/>Si has resultado herido o has perdido a un ser querido en un accidente peatonal causado por negligencia, te conviene contar con la asesor\u00eda de un abogado especializado en estos casos.<\/p>\n<p><strong>Nuestro equipo tiene la completa disposici\u00f3n de escucharte y orientarte.<\/strong><\/p>\n<p><a class=\"btn btn--primary\" href=\"tel:+12122792000\">Cont\u00e1ctanos<\/a><\/p>\n","protected":false},"excerpt":{"rendered":"<p>Resultar herido en una colisi\u00f3n vehicular como peat\u00f3n frecuentemente es el resultado de las acciones negligentes o la inacci\u00f3n del conductor. En una ciudad tan congestionada como la ciudad de Nueva York, con frecuencia ocurren accidentes en cualquier lugar donde coincidan el tr\u00e1fico peatonal y vehicular. Causas de accidentes peatonales Conducci\u00f3n agresiva\/ira en la carretera [&hellip;]<\/p>\n","protected":false},"author":8,"featured_media":19040,"parent":0,"menu_order":844,"comment_status":"closed","ping_status":"closed","template":"","meta":{"_acf_changed":false,"footnotes":""},"class_list":["post-6761","page","type-page","status-publish","has-post-thumbnail","hentry"],"acf":[],"yoast_head":"<!-- This site is optimized with the Yoast SEO plugin v27.4 - https:\/\/yoast.com\/product\/yoast-seo-wordpress\/ -->\n<title>Accidentes Peatonales \u2013 David Resnick Abogados<\/title>\n<meta name=\"description\" content=\"Accidentes Peatonales pueden ocurrir en una ciudad como Nueva York, con frecuencia ocurren en cualquier lugar donde hay el tr\u00e1fico peatonal y vehicular.\" \/>\n<meta name=\"robots\" content=\"index, follow, max-snippet:-1, max-image-preview:large, max-video-preview:-1\" \/>\n<link rel=\"canonical\" href=\"https:\/\/www.injuryclaimnyclaw.com\/es\/accidentes-peatonales\/\" \/>\n<meta property=\"og:locale\" content=\"es_ES\" \/>\n<meta property=\"og:type\" content=\"article\" \/>\n<meta property=\"og:title\" content=\"Accidentes Peatonales \u2013 David Resnick Abogados\" \/>\n<meta property=\"og:description\" content=\"Accidentes Peatonales pueden ocurrir en una ciudad como Nueva York, con frecuencia ocurren en cualquier lugar donde hay el tr\u00e1fico peatonal y vehicular.\" \/>\n<meta property=\"og:url\" content=\"https:\/\/www.injuryclaimnyclaw.com\/es\/accidentes-peatonales\/\" \/>\n<meta property=\"og:site_name\" content=\"David Resnick &amp; Associates, P.C.\" \/>\n<meta property=\"article:publisher\" content=\"https:\/\/www.facebook.com\/DavidResnickLaw\" \/>\n<meta property=\"article:modified_time\" content=\"2025-04-03T12:57:09+00:00\" \/>\n<meta property=\"og:image\" content=\"https:\/\/www.injuryclaimnyclaw.com\/wp-content\/uploads\/2025\/04\/accidentes-peatonales.jpg\" \/>\n\t<meta property=\"og:image:width\" content=\"902\" \/>\n\t<meta property=\"og:image:height\" content=\"290\" \/>\n\t<meta property=\"og:image:type\" content=\"image\/jpeg\" \/>\n<meta name=\"twitter:card\" content=\"summary_large_image\" \/>\n<meta name=\"twitter:site\" content=\"@injurylawyerNYC\" \/>\n<meta name=\"twitter:label1\" content=\"Tiempo de lectura\" \/>\n\t<meta name=\"twitter:data1\" content=\"2 minutos\" \/>\n<!-- \/ Yoast SEO plugin. -->","yoast_head_json":{"title":"Accidentes Peatonales \u2013 David Resnick Abogados","description":"Accidentes Peatonales pueden ocurrir en una ciudad como Nueva York, con frecuencia ocurren en cualquier lugar donde hay el tr\u00e1fico peatonal y vehicular.","robots":{"index":"index","follow":"follow","max-snippet":"max-snippet:-1","max-image-preview":"max-image-preview:large","max-video-preview":"max-video-preview:-1"},"canonical":"https:\/\/www.injuryclaimnyclaw.com\/es\/accidentes-peatonales\/","og_locale":"es_ES","og_type":"article","og_title":"Accidentes Peatonales \u2013 David Resnick Abogados","og_description":"Accidentes Peatonales pueden ocurrir en una ciudad como Nueva York, con frecuencia ocurren en cualquier lugar donde hay el tr\u00e1fico peatonal y vehicular.","og_url":"https:\/\/www.injuryclaimnyclaw.com\/es\/accidentes-peatonales\/","og_site_name":"David Resnick &amp; Associates, P.C.","article_publisher":"https:\/\/www.facebook.com\/DavidResnickLaw","article_modified_time":"2025-04-03T12:57:09+00:00","og_image":[{"width":902,"height":290,"url":"https:\/\/www.injuryclaimnyclaw.com\/wp-content\/uploads\/2025\/04\/accidentes-peatonales.jpg","type":"image\/jpeg"}],"twitter_card":"summary_large_image","twitter_site":"@injurylawyerNYC","twitter_misc":{"Tiempo de lectura":"2 minutos"},"schema":{"@context":"https:\/\/schema.org","@graph":[{"@type":"WebPage","@id":"https:\/\/www.injuryclaimnyclaw.com\/es\/accidentes-peatonales\/","url":"https:\/\/www.injuryclaimnyclaw.com\/es\/accidentes-peatonales\/","name":"Accidentes Peatonales \u2013 David Resnick Abogados","isPartOf":{"@id":"https:\/\/www.injuryclaimnyclaw.com\/es\/#website"},"primaryImageOfPage":{"@id":"https:\/\/www.injuryclaimnyclaw.com\/es\/accidentes-peatonales\/#primaryimage"},"image":{"@id":"https:\/\/www.injuryclaimnyclaw.com\/es\/accidentes-peatonales\/#primaryimage"},"thumbnailUrl":"https:\/\/www.injuryclaimnyclaw.com\/wp-content\/uploads\/2025\/04\/accidentes-peatonales.jpg","datePublished":"2025-02-13T02:55:05+00:00","dateModified":"2025-04-03T12:57:09+00:00","description":"Accidentes Peatonales pueden ocurrir en una ciudad como Nueva York, con frecuencia ocurren en cualquier lugar donde hay el tr\u00e1fico peatonal y vehicular.","breadcrumb":{"@id":"https:\/\/www.injuryclaimnyclaw.com\/es\/accidentes-peatonales\/#breadcrumb"},"inLanguage":"es","potentialAction":[{"@type":"ReadAction","target":["https:\/\/www.injuryclaimnyclaw.com\/es\/accidentes-peatonales\/"]}]},{"@type":"ImageObject","inLanguage":"es","@id":"https:\/\/www.injuryclaimnyclaw.com\/es\/accidentes-peatonales\/#primaryimage","url":"https:\/\/www.injuryclaimnyclaw.com\/wp-content\/uploads\/2025\/04\/accidentes-peatonales.jpg","contentUrl":"https:\/\/www.injuryclaimnyclaw.com\/wp-content\/uploads\/2025\/04\/accidentes-peatonales.jpg","width":902,"height":290},{"@type":"BreadcrumbList","@id":"https:\/\/www.injuryclaimnyclaw.com\/es\/accidentes-peatonales\/#breadcrumb","itemListElement":[{"@type":"ListItem","position":1,"name":"Inicio","item":"https:\/\/www.injuryclaimnyclaw.com\/es\/"},{"@type":"ListItem","position":2,"name":"Accidentes Peatonales"}]},{"@type":"WebSite","@id":"https:\/\/www.injuryclaimnyclaw.com\/es\/#website","url":"https:\/\/www.injuryclaimnyclaw.com\/es\/","name":"David Resnick & Associates","description":"","publisher":{"@id":"https:\/\/www.injuryclaimnyclaw.com\/es\/#organization"},"potentialAction":[{"@type":"SearchAction","target":{"@type":"EntryPoint","urlTemplate":"https:\/\/www.injuryclaimnyclaw.com\/es\/?s={search_term_string}"},"query-input":{"@type":"PropertyValueSpecification","valueRequired":true,"valueName":"search_term_string"}}],"inLanguage":"es"},{"@type":"Organization","@id":"https:\/\/www.injuryclaimnyclaw.com\/es\/#organization","name":"David Resnick & Associates","url":"https:\/\/www.injuryclaimnyclaw.com\/es\/","logo":{"@type":"ImageObject","inLanguage":"es","@id":"https:\/\/www.injuryclaimnyclaw.com\/es\/#\/schema\/logo\/image\/","url":"https:\/\/www.injuryclaimnyclaw.com\/wp-content\/uploads\/2024\/01\/david-resnick-logo.png","contentUrl":"https:\/\/www.injuryclaimnyclaw.com\/wp-content\/uploads\/2024\/01\/david-resnick-logo.png","width":287,"height":87,"caption":"David Resnick & Associates"},"image":{"@id":"https:\/\/www.injuryclaimnyclaw.com\/es\/#\/schema\/logo\/image\/"},"sameAs":["https:\/\/www.facebook.com\/DavidResnickLaw","https:\/\/x.com\/injurylawyerNYC","http:\/\/www.linkedin.com\/in\/nyinjuryattorney","https:\/\/www.youtube.com\/user\/DavidResnickLaw"]}]}},"_links":{"self":[{"href":"https:\/\/www.injuryclaimnyclaw.com\/es\/wp-json\/wp\/v2\/pages\/6761","targetHints":{"allow":["GET"]}}],"collection":[{"href":"https:\/\/www.injuryclaimnyclaw.com\/es\/wp-json\/wp\/v2\/pages"}],"about":[{"href":"https:\/\/www.injuryclaimnyclaw.com\/es\/wp-json\/wp\/v2\/types\/page"}],"author":[{"embeddable":true,"href":"https:\/\/www.injuryclaimnyclaw.com\/es\/wp-json\/wp\/v2\/users\/8"}],"replies":[{"embeddable":true,"href":"https:\/\/www.injuryclaimnyclaw.com\/es\/wp-json\/wp\/v2\/comments?post=6761"}],"version-history":[{"count":1,"href":"https:\/\/www.injuryclaimnyclaw.com\/es\/wp-json\/wp\/v2\/pages\/6761\/revisions"}],"predecessor-version":[{"id":16646,"href":"https:\/\/www.injuryclaimnyclaw.com\/es\/wp-json\/wp\/v2\/pages\/6761\/revisions\/16646"}],"wp:featuredmedia":[{"embeddable":true,"href":"https:\/\/www.injuryclaimnyclaw.com\/es\/wp-json\/wp\/v2\/media\/19040"}],"wp:attachment":[{"href":"https:\/\/www.injuryclaimnyclaw.com\/es\/wp-json\/wp\/v2\/media?parent=6761"}],"curies":[{"name":"wp","href":"https:\/\/api.w.org\/{rel}","templated":true}]}}