{"id":6752,"date":"2025-02-13T02:54:18","date_gmt":"2025-02-13T02:54:18","guid":{"rendered":"https:\/\/www.injuryclaimnyclaw.com\/?page_id=6752"},"modified":"2025-04-03T12:55:43","modified_gmt":"2025-04-03T12:55:43","slug":"accidentes-en-la-construccion","status":"publish","type":"page","link":"https:\/\/www.injuryclaimnyclaw.com\/es\/accidentes-en-la-construccion\/","title":{"rendered":"Accidentes en la Construcci\u00f3n"},"content":{"rendered":"<h2>Los trabajadores de la construcci\u00f3n corren un mayor riesgo de lesiones o muerte relacionadas con el trabajo que los empleados en cualquier otra industria de los Estados Unidos.<\/h2>\n<p>El impacto que estos n\u00fameros tienen en las v\u00edctimas de lesiones y sus familias es abrumador, y queremos ayudarlos a buscar justicia.<\/p>\n<h2>\u00bfTe has lesionado en un accidente de construcci\u00f3n en Nueva York?<\/h2>\n<p>Los trabajadores lesionados en un accidente de construcci\u00f3n pueden tener permitido demandar al propietario, sus agentes y contratistas por todos los da\u00f1os sufridos.<\/p>\n<p><img loading=\"lazy\" decoding=\"async\" class=\"alignleft wp-image-16577\" src=\"https:\/\/www.injuryclaimnyclaw.com\/wp-content\/uploads\/2025\/03\/sobre-la-firma.webp\" alt=\"\" width=\"90\" height=\"90\" srcset=\"https:\/\/www.injuryclaimnyclaw.com\/wp-content\/uploads\/2025\/03\/sobre-la-firma.webp 94w, https:\/\/www.injuryclaimnyclaw.com\/wp-content\/uploads\/2025\/03\/sobre-la-firma-70x70.webp 70w\" sizes=\"auto, (max-width: 90px) 100vw, 90px\" \/>Las leyes de compensaci\u00f3n laboral pueden afectar tu recuperaci\u00f3n financiera dependiendo de tu estatus de empleo y del grado en que se encuentre responsable tu empleador por tus lesiones.<\/p>\n<p><img loading=\"lazy\" decoding=\"async\" class=\"alignleft wp-image-16577\" src=\"https:\/\/www.injuryclaimnyclaw.com\/wp-content\/uploads\/2025\/03\/sobre-la-firma.webp\" alt=\"\" width=\"90\" height=\"90\" srcset=\"https:\/\/www.injuryclaimnyclaw.com\/wp-content\/uploads\/2025\/03\/sobre-la-firma.webp 94w, https:\/\/www.injuryclaimnyclaw.com\/wp-content\/uploads\/2025\/03\/sobre-la-firma-70x70.webp 70w\" sizes=\"auto, (max-width: 90px) 100vw, 90px\" \/>Puedes reclamar compensaci\u00f3n por salarios perdidos pasados y futuros, dolor y sufrimiento, gastos m\u00e9dicos pasados y futuros, p\u00e9rdida de beneficios y otros da\u00f1os.<\/p>\n<h2>\u00bfCu\u00e1les son las lesiones m\u00e1s comunes en un accidente de construcci\u00f3n?<\/h2>\n<ul>\n<li><img loading=\"lazy\" decoding=\"async\" class=\"size-medium wp-image-16639 alignright\" src=\"https:\/\/www.injuryclaimnyclaw.com\/wp-content\/uploads\/2025\/03\/DSC00453-1024x682-1-300x200.webp\" alt=\"Abogado Accidentes en la Construccion v\u00edctimas de lesiones\" width=\"300\" height=\"200\" srcset=\"https:\/\/www.injuryclaimnyclaw.com\/wp-content\/uploads\/2025\/03\/DSC00453-1024x682-1-300x200.webp 300w, https:\/\/www.injuryclaimnyclaw.com\/wp-content\/uploads\/2025\/03\/DSC00453-1024x682-1-768x512.webp 768w, https:\/\/www.injuryclaimnyclaw.com\/wp-content\/uploads\/2025\/03\/DSC00453-1024x682-1.webp 1024w\" sizes=\"auto, (max-width: 300px) 100vw, 300px\" \/>P\u00e9rdida de Miembros<\/li>\n<li>Fracturas \u00d3seas<\/li>\n<li>Lesiones por Quemaduras<\/li>\n<li>Conmociones Cerebrales<\/li>\n<li>Lesiones por Aplastamientos<\/li>\n<li>P\u00e9rdida de Audici\u00f3n<\/li>\n<li>P\u00e9rdida de Visi\u00f3n<\/li>\n<li>Lesiones Faciales<\/li>\n<li>Ca\u00eddas Desde Superficies de Trabajo Elevadas<\/li>\n<li>Lesiones en las Extremidades<\/li>\n<li>Da\u00f1o en Articulaciones, M\u00fasculos y Ligamentos<\/li>\n<li>Lesiones en las Rodillas y los Tobillos<\/li>\n<li>Lesiones en las Rodillas y los Hombros<\/li>\n<li>Cicatrices y Desfiguraci\u00f3n<\/li>\n<li>Lesiones de Tejidos Blandos<\/li>\n<li>Lesiones de M\u00e9dula Espinal y Par\u00e1lisis<\/li>\n<li>Lesi\u00f3n Cerebral Traum\u00e1tica<\/li>\n<li>Muerte Injusta<\/li>\n<li>Construcci\u00f3n Indocumentada<\/li>\n<\/ul>\n<p>Si has sufrido alguno de estos da\u00f1os, te conviene buscar la asesor\u00eda de un profesional que pelee para que tus derechos se respeten.<\/p>\n<p><a class=\"btn btn--primary\" href=\"tel:+12122792000\">Cont\u00e1ctanos<\/a><\/p>\n","protected":false},"excerpt":{"rendered":"<p>Los trabajadores de la construcci\u00f3n corren un mayor riesgo de lesiones o muerte relacionadas con el trabajo que los empleados en cualquier otra industria de los Estados Unidos. El impacto que estos n\u00fameros tienen en las v\u00edctimas de lesiones y sus familias es abrumador, y queremos ayudarlos a buscar justicia. \u00bfTe has lesionado en un [&hellip;]<\/p>\n","protected":false},"author":8,"featured_media":19038,"parent":0,"menu_order":843,"comment_status":"closed","ping_status":"closed","template":"","meta":{"_acf_changed":false,"footnotes":""},"class_list":["post-6752","page","type-page","status-publish","has-post-thumbnail","hentry"],"acf":[],"yoast_head":"<!-- This site is optimized with the Yoast SEO plugin v27.4 - https:\/\/yoast.com\/product\/yoast-seo-wordpress\/ -->\n<title>Accidentes en la Construcci\u00f3n \u2013 David Resnick Abogados<\/title>\n<meta name=\"description\" content=\"Accidentes en la Construcci\u00f3n. El impacto que estos n\u00fameros tienen en las v\u00edctimas de lesiones y sus familias es abrumador, y queremos ayudarlos a buscar justicia.\" \/>\n<meta name=\"robots\" content=\"index, follow, max-snippet:-1, max-image-preview:large, max-video-preview:-1\" \/>\n<link rel=\"canonical\" href=\"https:\/\/www.injuryclaimnyclaw.com\/es\/accidentes-en-la-construccion\/\" \/>\n<meta property=\"og:locale\" content=\"es_ES\" \/>\n<meta property=\"og:type\" content=\"article\" \/>\n<meta property=\"og:title\" content=\"Accidentes en la Construcci\u00f3n \u2013 David Resnick Abogados\" \/>\n<meta property=\"og:description\" content=\"Accidentes en la Construcci\u00f3n. El impacto que estos n\u00fameros tienen en las v\u00edctimas de lesiones y sus familias es abrumador, y queremos ayudarlos a buscar justicia.\" \/>\n<meta property=\"og:url\" content=\"https:\/\/www.injuryclaimnyclaw.com\/es\/accidentes-en-la-construccion\/\" \/>\n<meta property=\"og:site_name\" content=\"David Resnick &amp; Associates, P.C.\" \/>\n<meta property=\"article:publisher\" content=\"https:\/\/www.facebook.com\/DavidResnickLaw\" \/>\n<meta property=\"article:modified_time\" content=\"2025-04-03T12:55:43+00:00\" \/>\n<meta property=\"og:image\" content=\"https:\/\/www.injuryclaimnyclaw.com\/wp-content\/uploads\/2025\/04\/accidentes-en-la-construccion.jpg\" \/>\n\t<meta property=\"og:image:width\" content=\"902\" \/>\n\t<meta property=\"og:image:height\" content=\"290\" \/>\n\t<meta property=\"og:image:type\" content=\"image\/jpeg\" \/>\n<meta name=\"twitter:card\" content=\"summary_large_image\" \/>\n<meta name=\"twitter:site\" content=\"@injurylawyerNYC\" \/>\n<meta name=\"twitter:label1\" content=\"Tiempo de lectura\" \/>\n\t<meta name=\"twitter:data1\" content=\"2 minutos\" \/>\n<!-- \/ Yoast SEO plugin. -->","yoast_head_json":{"title":"Accidentes en la Construcci\u00f3n \u2013 David Resnick Abogados","description":"Accidentes en la Construcci\u00f3n. El impacto que estos n\u00fameros tienen en las v\u00edctimas de lesiones y sus familias es abrumador, y queremos ayudarlos a buscar justicia.","robots":{"index":"index","follow":"follow","max-snippet":"max-snippet:-1","max-image-preview":"max-image-preview:large","max-video-preview":"max-video-preview:-1"},"canonical":"https:\/\/www.injuryclaimnyclaw.com\/es\/accidentes-en-la-construccion\/","og_locale":"es_ES","og_type":"article","og_title":"Accidentes en la Construcci\u00f3n \u2013 David Resnick Abogados","og_description":"Accidentes en la Construcci\u00f3n. El impacto que estos n\u00fameros tienen en las v\u00edctimas de lesiones y sus familias es abrumador, y queremos ayudarlos a buscar justicia.","og_url":"https:\/\/www.injuryclaimnyclaw.com\/es\/accidentes-en-la-construccion\/","og_site_name":"David Resnick &amp; Associates, P.C.","article_publisher":"https:\/\/www.facebook.com\/DavidResnickLaw","article_modified_time":"2025-04-03T12:55:43+00:00","og_image":[{"width":902,"height":290,"url":"https:\/\/www.injuryclaimnyclaw.com\/wp-content\/uploads\/2025\/04\/accidentes-en-la-construccion.jpg","type":"image\/jpeg"}],"twitter_card":"summary_large_image","twitter_site":"@injurylawyerNYC","twitter_misc":{"Tiempo de lectura":"2 minutos"},"schema":{"@context":"https:\/\/schema.org","@graph":[{"@type":"WebPage","@id":"https:\/\/www.injuryclaimnyclaw.com\/es\/accidentes-en-la-construccion\/","url":"https:\/\/www.injuryclaimnyclaw.com\/es\/accidentes-en-la-construccion\/","name":"Accidentes en la Construcci\u00f3n \u2013 David Resnick Abogados","isPartOf":{"@id":"https:\/\/www.injuryclaimnyclaw.com\/es\/#website"},"primaryImageOfPage":{"@id":"https:\/\/www.injuryclaimnyclaw.com\/es\/accidentes-en-la-construccion\/#primaryimage"},"image":{"@id":"https:\/\/www.injuryclaimnyclaw.com\/es\/accidentes-en-la-construccion\/#primaryimage"},"thumbnailUrl":"https:\/\/www.injuryclaimnyclaw.com\/wp-content\/uploads\/2025\/04\/accidentes-en-la-construccion.jpg","datePublished":"2025-02-13T02:54:18+00:00","dateModified":"2025-04-03T12:55:43+00:00","description":"Accidentes en la Construcci\u00f3n. El impacto que estos n\u00fameros tienen en las v\u00edctimas de lesiones y sus familias es abrumador, y queremos ayudarlos a buscar justicia.","breadcrumb":{"@id":"https:\/\/www.injuryclaimnyclaw.com\/es\/accidentes-en-la-construccion\/#breadcrumb"},"inLanguage":"es","potentialAction":[{"@type":"ReadAction","target":["https:\/\/www.injuryclaimnyclaw.com\/es\/accidentes-en-la-construccion\/"]}]},{"@type":"ImageObject","inLanguage":"es","@id":"https:\/\/www.injuryclaimnyclaw.com\/es\/accidentes-en-la-construccion\/#primaryimage","url":"https:\/\/www.injuryclaimnyclaw.com\/wp-content\/uploads\/2025\/04\/accidentes-en-la-construccion.jpg","contentUrl":"https:\/\/www.injuryclaimnyclaw.com\/wp-content\/uploads\/2025\/04\/accidentes-en-la-construccion.jpg","width":902,"height":290},{"@type":"BreadcrumbList","@id":"https:\/\/www.injuryclaimnyclaw.com\/es\/accidentes-en-la-construccion\/#breadcrumb","itemListElement":[{"@type":"ListItem","position":1,"name":"Inicio","item":"https:\/\/www.injuryclaimnyclaw.com\/es\/"},{"@type":"ListItem","position":2,"name":"Accidentes en la Construcci\u00f3n"}]},{"@type":"WebSite","@id":"https:\/\/www.injuryclaimnyclaw.com\/es\/#website","url":"https:\/\/www.injuryclaimnyclaw.com\/es\/","name":"David Resnick & Associates","description":"","publisher":{"@id":"https:\/\/www.injuryclaimnyclaw.com\/es\/#organization"},"potentialAction":[{"@type":"SearchAction","target":{"@type":"EntryPoint","urlTemplate":"https:\/\/www.injuryclaimnyclaw.com\/es\/?s={search_term_string}"},"query-input":{"@type":"PropertyValueSpecification","valueRequired":true,"valueName":"search_term_string"}}],"inLanguage":"es"},{"@type":"Organization","@id":"https:\/\/www.injuryclaimnyclaw.com\/es\/#organization","name":"David Resnick & Associates","url":"https:\/\/www.injuryclaimnyclaw.com\/es\/","logo":{"@type":"ImageObject","inLanguage":"es","@id":"https:\/\/www.injuryclaimnyclaw.com\/es\/#\/schema\/logo\/image\/","url":"https:\/\/www.injuryclaimnyclaw.com\/wp-content\/uploads\/2024\/01\/david-resnick-logo.png","contentUrl":"https:\/\/www.injuryclaimnyclaw.com\/wp-content\/uploads\/2024\/01\/david-resnick-logo.png","width":287,"height":87,"caption":"David Resnick & Associates"},"image":{"@id":"https:\/\/www.injuryclaimnyclaw.com\/es\/#\/schema\/logo\/image\/"},"sameAs":["https:\/\/www.facebook.com\/DavidResnickLaw","https:\/\/x.com\/injurylawyerNYC","http:\/\/www.linkedin.com\/in\/nyinjuryattorney","https:\/\/www.youtube.com\/user\/DavidResnickLaw"]}]}},"_links":{"self":[{"href":"https:\/\/www.injuryclaimnyclaw.com\/es\/wp-json\/wp\/v2\/pages\/6752","targetHints":{"allow":["GET"]}}],"collection":[{"href":"https:\/\/www.injuryclaimnyclaw.com\/es\/wp-json\/wp\/v2\/pages"}],"about":[{"href":"https:\/\/www.injuryclaimnyclaw.com\/es\/wp-json\/wp\/v2\/types\/page"}],"author":[{"embeddable":true,"href":"https:\/\/www.injuryclaimnyclaw.com\/es\/wp-json\/wp\/v2\/users\/8"}],"replies":[{"embeddable":true,"href":"https:\/\/www.injuryclaimnyclaw.com\/es\/wp-json\/wp\/v2\/comments?post=6752"}],"version-history":[{"count":1,"href":"https:\/\/www.injuryclaimnyclaw.com\/es\/wp-json\/wp\/v2\/pages\/6752\/revisions"}],"predecessor-version":[{"id":16630,"href":"https:\/\/www.injuryclaimnyclaw.com\/es\/wp-json\/wp\/v2\/pages\/6752\/revisions\/16630"}],"wp:featuredmedia":[{"embeddable":true,"href":"https:\/\/www.injuryclaimnyclaw.com\/es\/wp-json\/wp\/v2\/media\/19038"}],"wp:attachment":[{"href":"https:\/\/www.injuryclaimnyclaw.com\/es\/wp-json\/wp\/v2\/media?parent=6752"}],"curies":[{"name":"wp","href":"https:\/\/api.w.org\/{rel}","templated":true}]}}