{"id":6743,"date":"2025-02-13T02:53:19","date_gmt":"2025-02-13T02:53:19","guid":{"rendered":"https:\/\/www.injuryclaimnyclaw.com\/?page_id=6743"},"modified":"2025-04-03T12:50:57","modified_gmt":"2025-04-03T12:50:57","slug":"accidentes-de-transito","status":"publish","type":"page","link":"https:\/\/www.injuryclaimnyclaw.com\/es\/accidentes-de-transito\/","title":{"rendered":"Accidentes de Tr\u00e1nsito"},"content":{"rendered":"<h2>Los ciudadanos de la ciudad de Nueva York se enfrentan a peligrosas condiciones de conducci\u00f3n todos los d\u00edas.<\/h2>\n<p>\u00bfHas resultado herido en un accidente en la ciudad de Nueva York, o has perdido a un familiar cercano en un accidente automovil\u00edstico? Accidentes de Tr\u00e1nsito<\/p>\n<p>Es posible que tengas derecho a una compensaci\u00f3n por tus lesiones en el accidente de auto o por tu p\u00e9rdida.<\/p>\n<p>Un abogado especialista en este tipo de casos te ayudar\u00e1 a determinarlo.<\/p>\n<h2>Maximiza tu reclamo de accidente de tr\u00e1nsito<\/h2>\n<p><img loading=\"lazy\" decoding=\"async\" class=\"size-medium wp-image-16617 alignright\" src=\"https:\/\/www.injuryclaimnyclaw.com\/wp-content\/uploads\/2025\/03\/DSC09864-1024x682-1-300x200.webp\" alt=\"\" width=\"300\" height=\"200\" srcset=\"https:\/\/www.injuryclaimnyclaw.com\/wp-content\/uploads\/2025\/03\/DSC09864-1024x682-1-300x200.webp 300w, https:\/\/www.injuryclaimnyclaw.com\/wp-content\/uploads\/2025\/03\/DSC09864-1024x682-1-768x512.webp 768w, https:\/\/www.injuryclaimnyclaw.com\/wp-content\/uploads\/2025\/03\/DSC09864-1024x682-1.webp 1024w\" sizes=\"auto, (max-width: 300px) 100vw, 300px\" \/>Si resultaste herido en un accidente automovil\u00edstico en la ciudad de Nueva York, es posible que tengas derecho a recuperar compensaci\u00f3n por las lesiones causadas por el accidente en cuesti\u00f3n.<\/p>\n<p>Esto puede incluir tanto da\u00f1os econ\u00f3micos como no econ\u00f3micos.<\/p>\n<p>Los da\u00f1os econ\u00f3micos representan gastos de bolsillo como facturas m\u00e9dicas y salarios perdidos, mientras que los da\u00f1os no econ\u00f3micos est\u00e1n destinados a compensar a la v\u00edctima por el dolor y el sufrimiento causados por el accidente.<\/p>\n<h2>Comprender el panorama legal<\/h2>\n<p><img loading=\"lazy\" decoding=\"async\" class=\"size-medium wp-image-16620 alignright\" src=\"https:\/\/www.injuryclaimnyclaw.com\/wp-content\/uploads\/2025\/03\/Depositphotos_168771108_XL-1024x683-1-300x200.webp\" alt=\"\" width=\"300\" height=\"200\" srcset=\"https:\/\/www.injuryclaimnyclaw.com\/wp-content\/uploads\/2025\/03\/Depositphotos_168771108_XL-1024x683-1-300x200.webp 300w, https:\/\/www.injuryclaimnyclaw.com\/wp-content\/uploads\/2025\/03\/Depositphotos_168771108_XL-1024x683-1-768x512.webp 768w, https:\/\/www.injuryclaimnyclaw.com\/wp-content\/uploads\/2025\/03\/Depositphotos_168771108_XL-1024x683-1.webp 1024w\" sizes=\"auto, (max-width: 300px) 100vw, 300px\" \/>Debido a que Nueva York tiene una ley de seguro de \u201cno culpa\u201d, no todos los afectados tienen derecho a da\u00f1os por dolor y sufrimiento.<\/p>\n<p>Las leyes de no culpa requieren que el propio proveedor de seguro de responsabilidad del afectado compense al afectado por da\u00f1os econ\u00f3micos hasta cierto punto, independientemente de qui\u00e9n haya sido el culpable de la colisi\u00f3n.<\/p>\n<p><strong>Por eso, la mejor forma de obtener la indemnizaci\u00f3n justa radica en contar con un asesor legal que vele por los intereses de la v\u00edctima.<\/strong><\/p>\n<p><a class=\"btn btn--primary\" href=\"tel:+12122792000\">Cont\u00e1ctanos<\/a><\/p>\n","protected":false},"excerpt":{"rendered":"<p>Los ciudadanos de la ciudad de Nueva York se enfrentan a peligrosas condiciones de conducci\u00f3n todos los d\u00edas. \u00bfHas resultado herido en un accidente en la ciudad de Nueva York, o has perdido a un familiar cercano en un accidente automovil\u00edstico? Accidentes de Tr\u00e1nsito Es posible que tengas derecho a una compensaci\u00f3n por tus lesiones [&hellip;]<\/p>\n","protected":false},"author":8,"featured_media":19036,"parent":0,"menu_order":842,"comment_status":"closed","ping_status":"closed","template":"","meta":{"_acf_changed":false,"footnotes":""},"class_list":["post-6743","page","type-page","status-publish","has-post-thumbnail","hentry"],"acf":[],"yoast_head":"<!-- This site is optimized with the Yoast SEO plugin v27.3 - https:\/\/yoast.com\/product\/yoast-seo-wordpress\/ -->\n<title>Accidentes Tr\u00e1nsito \u2013 David Resnick Abogados<\/title>\n<meta name=\"description\" content=\"Accidentes de Tr\u00e1nsito. \u00bfHas resultado herido en un accidente automovil\u00edstico en la ciudad de Nueva York, o has perdido a un familiar cercano?\" \/>\n<meta name=\"robots\" content=\"index, follow, max-snippet:-1, max-image-preview:large, max-video-preview:-1\" \/>\n<link rel=\"canonical\" href=\"https:\/\/www.injuryclaimnyclaw.com\/es\/accidentes-de-transito\/\" \/>\n<meta property=\"og:locale\" content=\"es_ES\" \/>\n<meta property=\"og:type\" content=\"article\" \/>\n<meta property=\"og:title\" content=\"Accidentes Tr\u00e1nsito \u2013 David Resnick Abogados\" \/>\n<meta property=\"og:description\" content=\"Accidentes de Tr\u00e1nsito. \u00bfHas resultado herido en un accidente automovil\u00edstico en la ciudad de Nueva York, o has perdido a un familiar cercano?\" \/>\n<meta property=\"og:url\" content=\"https:\/\/www.injuryclaimnyclaw.com\/es\/accidentes-de-transito\/\" \/>\n<meta property=\"og:site_name\" content=\"David Resnick &amp; Associates, P.C.\" \/>\n<meta property=\"article:publisher\" content=\"https:\/\/www.facebook.com\/DavidResnickLaw\" \/>\n<meta property=\"article:modified_time\" content=\"2025-04-03T12:50:57+00:00\" \/>\n<meta property=\"og:image\" content=\"https:\/\/www.injuryclaimnyclaw.com\/wp-content\/uploads\/2025\/04\/accidentes-de-transito.jpg\" \/>\n\t<meta property=\"og:image:width\" content=\"902\" \/>\n\t<meta property=\"og:image:height\" content=\"290\" \/>\n\t<meta property=\"og:image:type\" content=\"image\/jpeg\" \/>\n<meta name=\"twitter:card\" content=\"summary_large_image\" \/>\n<meta name=\"twitter:site\" content=\"@injurylawyerNYC\" \/>\n<meta name=\"twitter:label1\" content=\"Tiempo de lectura\" \/>\n\t<meta name=\"twitter:data1\" content=\"2 minutos\" \/>\n<!-- \/ Yoast SEO plugin. -->","yoast_head_json":{"title":"Accidentes Tr\u00e1nsito \u2013 David Resnick Abogados","description":"Accidentes de Tr\u00e1nsito. \u00bfHas resultado herido en un accidente automovil\u00edstico en la ciudad de Nueva York, o has perdido a un familiar cercano?","robots":{"index":"index","follow":"follow","max-snippet":"max-snippet:-1","max-image-preview":"max-image-preview:large","max-video-preview":"max-video-preview:-1"},"canonical":"https:\/\/www.injuryclaimnyclaw.com\/es\/accidentes-de-transito\/","og_locale":"es_ES","og_type":"article","og_title":"Accidentes Tr\u00e1nsito \u2013 David Resnick Abogados","og_description":"Accidentes de Tr\u00e1nsito. \u00bfHas resultado herido en un accidente automovil\u00edstico en la ciudad de Nueva York, o has perdido a un familiar cercano?","og_url":"https:\/\/www.injuryclaimnyclaw.com\/es\/accidentes-de-transito\/","og_site_name":"David Resnick &amp; Associates, P.C.","article_publisher":"https:\/\/www.facebook.com\/DavidResnickLaw","article_modified_time":"2025-04-03T12:50:57+00:00","og_image":[{"width":902,"height":290,"url":"https:\/\/www.injuryclaimnyclaw.com\/wp-content\/uploads\/2025\/04\/accidentes-de-transito.jpg","type":"image\/jpeg"}],"twitter_card":"summary_large_image","twitter_site":"@injurylawyerNYC","twitter_misc":{"Tiempo de lectura":"2 minutos"},"schema":{"@context":"https:\/\/schema.org","@graph":[{"@type":"WebPage","@id":"https:\/\/www.injuryclaimnyclaw.com\/es\/accidentes-de-transito\/","url":"https:\/\/www.injuryclaimnyclaw.com\/es\/accidentes-de-transito\/","name":"Accidentes Tr\u00e1nsito \u2013 David Resnick Abogados","isPartOf":{"@id":"https:\/\/www.injuryclaimnyclaw.com\/es\/#website"},"primaryImageOfPage":{"@id":"https:\/\/www.injuryclaimnyclaw.com\/es\/accidentes-de-transito\/#primaryimage"},"image":{"@id":"https:\/\/www.injuryclaimnyclaw.com\/es\/accidentes-de-transito\/#primaryimage"},"thumbnailUrl":"https:\/\/www.injuryclaimnyclaw.com\/wp-content\/uploads\/2025\/04\/accidentes-de-transito.jpg","datePublished":"2025-02-13T02:53:19+00:00","dateModified":"2025-04-03T12:50:57+00:00","description":"Accidentes de Tr\u00e1nsito. \u00bfHas resultado herido en un accidente automovil\u00edstico en la ciudad de Nueva York, o has perdido a un familiar cercano?","breadcrumb":{"@id":"https:\/\/www.injuryclaimnyclaw.com\/es\/accidentes-de-transito\/#breadcrumb"},"inLanguage":"es","potentialAction":[{"@type":"ReadAction","target":["https:\/\/www.injuryclaimnyclaw.com\/es\/accidentes-de-transito\/"]}]},{"@type":"ImageObject","inLanguage":"es","@id":"https:\/\/www.injuryclaimnyclaw.com\/es\/accidentes-de-transito\/#primaryimage","url":"https:\/\/www.injuryclaimnyclaw.com\/wp-content\/uploads\/2025\/04\/accidentes-de-transito.jpg","contentUrl":"https:\/\/www.injuryclaimnyclaw.com\/wp-content\/uploads\/2025\/04\/accidentes-de-transito.jpg","width":902,"height":290},{"@type":"BreadcrumbList","@id":"https:\/\/www.injuryclaimnyclaw.com\/es\/accidentes-de-transito\/#breadcrumb","itemListElement":[{"@type":"ListItem","position":1,"name":"Inicio","item":"https:\/\/www.injuryclaimnyclaw.com\/es\/"},{"@type":"ListItem","position":2,"name":"Accidentes de Tr\u00e1nsito"}]},{"@type":"WebSite","@id":"https:\/\/www.injuryclaimnyclaw.com\/es\/#website","url":"https:\/\/www.injuryclaimnyclaw.com\/es\/","name":"David Resnick & Associates","description":"","publisher":{"@id":"https:\/\/www.injuryclaimnyclaw.com\/es\/#organization"},"potentialAction":[{"@type":"SearchAction","target":{"@type":"EntryPoint","urlTemplate":"https:\/\/www.injuryclaimnyclaw.com\/es\/?s={search_term_string}"},"query-input":{"@type":"PropertyValueSpecification","valueRequired":true,"valueName":"search_term_string"}}],"inLanguage":"es"},{"@type":"Organization","@id":"https:\/\/www.injuryclaimnyclaw.com\/es\/#organization","name":"David Resnick & Associates","url":"https:\/\/www.injuryclaimnyclaw.com\/es\/","logo":{"@type":"ImageObject","inLanguage":"es","@id":"https:\/\/www.injuryclaimnyclaw.com\/es\/#\/schema\/logo\/image\/","url":"https:\/\/www.injuryclaimnyclaw.com\/wp-content\/uploads\/2024\/01\/david-resnick-logo.png","contentUrl":"https:\/\/www.injuryclaimnyclaw.com\/wp-content\/uploads\/2024\/01\/david-resnick-logo.png","width":287,"height":87,"caption":"David Resnick & Associates"},"image":{"@id":"https:\/\/www.injuryclaimnyclaw.com\/es\/#\/schema\/logo\/image\/"},"sameAs":["https:\/\/www.facebook.com\/DavidResnickLaw","https:\/\/x.com\/injurylawyerNYC","http:\/\/www.linkedin.com\/in\/nyinjuryattorney","https:\/\/www.youtube.com\/user\/DavidResnickLaw"]}]}},"_links":{"self":[{"href":"https:\/\/www.injuryclaimnyclaw.com\/es\/wp-json\/wp\/v2\/pages\/6743","targetHints":{"allow":["GET"]}}],"collection":[{"href":"https:\/\/www.injuryclaimnyclaw.com\/es\/wp-json\/wp\/v2\/pages"}],"about":[{"href":"https:\/\/www.injuryclaimnyclaw.com\/es\/wp-json\/wp\/v2\/types\/page"}],"author":[{"embeddable":true,"href":"https:\/\/www.injuryclaimnyclaw.com\/es\/wp-json\/wp\/v2\/users\/8"}],"replies":[{"embeddable":true,"href":"https:\/\/www.injuryclaimnyclaw.com\/es\/wp-json\/wp\/v2\/comments?post=6743"}],"version-history":[{"count":1,"href":"https:\/\/www.injuryclaimnyclaw.com\/es\/wp-json\/wp\/v2\/pages\/6743\/revisions"}],"predecessor-version":[{"id":16607,"href":"https:\/\/www.injuryclaimnyclaw.com\/es\/wp-json\/wp\/v2\/pages\/6743\/revisions\/16607"}],"wp:featuredmedia":[{"embeddable":true,"href":"https:\/\/www.injuryclaimnyclaw.com\/es\/wp-json\/wp\/v2\/media\/19036"}],"wp:attachment":[{"href":"https:\/\/www.injuryclaimnyclaw.com\/es\/wp-json\/wp\/v2\/media?parent=6743"}],"curies":[{"name":"wp","href":"https:\/\/api.w.org\/{rel}","templated":true}]}}