{"id":6734,"date":"2025-02-13T02:52:33","date_gmt":"2025-02-13T02:52:33","guid":{"rendered":"https:\/\/www.injuryclaimnyclaw.com\/?page_id=6734"},"modified":"2025-04-03T12:58:57","modified_gmt":"2025-04-03T12:58:57","slug":"resbalon-y-caida","status":"publish","type":"page","link":"https:\/\/www.injuryclaimnyclaw.com\/es\/resbalon-y-caida\/","title":{"rendered":"Resbal\u00f3n y Ca\u00edda"},"content":{"rendered":"<h2>\u00bfTe has lastimado en un accidente por resbal\u00f3n y ca\u00edda?<\/h2>\n<p>Tienes derecho a exigir una compensaci\u00f3n. Sin embargo, la responsabilidad de las personas potencialmente responsables var\u00eda, dependiendo de las reglas y principios adoptados en la jurisdicci\u00f3n donde ocurri\u00f3 el percance.<\/p>\n<p>Contar con el apoyo de un experimentado abogado de resbalones y ca\u00eddas en la ciudad de Nueva York ayudar\u00eda a determinar si existe responsabilidad en tu caso particular y ayudarte a recuperar da\u00f1os por:<\/p>\n<ul>\n<li>Salarios perdidos<\/li>\n<li>Facturas m\u00e9dicas<\/li>\n<li>Dolor y sufrimiento<\/li>\n<\/ul>\n<h2>\u00bfQu\u00e9 hacer despu\u00e9s de un accidente de resbal\u00f3n y ca\u00edda en la ciudad de Nueva York?<\/h2>\n<p>Lamentablemente, m\u00e1s de un mill\u00f3n de personas cada a\u00f1o visitan salas de emergencia en los Estados Unidos debido a ca\u00eddas.<\/p>\n<p><img loading=\"lazy\" decoding=\"async\" class=\"alignleft wp-image-16577\" src=\"https:\/\/www.injuryclaimnyclaw.com\/wp-content\/uploads\/2025\/03\/sobre-la-firma.webp\" alt=\"\" width=\"90\" height=\"90\" srcset=\"https:\/\/www.injuryclaimnyclaw.com\/wp-content\/uploads\/2025\/03\/sobre-la-firma.webp 94w, https:\/\/www.injuryclaimnyclaw.com\/wp-content\/uploads\/2025\/03\/sobre-la-firma-70x70.webp 70w\" sizes=\"auto, (max-width: 90px) 100vw, 90px\" \/>Algunas v\u00edctimas de ca\u00eddas tienen lesiones menores como cortes o hematomas. Otras se fracturan las caderas, sufren conmociones cerebrales o incluso da\u00f1an su m\u00e9dula espinal.<\/p>\n<p>En ciertos casos, las ca\u00eddas pueden tener consecuencias fatales.<\/p>\n<p><img loading=\"lazy\" decoding=\"async\" class=\"alignleft wp-image-16577\" src=\"https:\/\/www.injuryclaimnyclaw.com\/wp-content\/uploads\/2025\/03\/sobre-la-firma.webp\" alt=\"\" width=\"90\" height=\"90\" srcset=\"https:\/\/www.injuryclaimnyclaw.com\/wp-content\/uploads\/2025\/03\/sobre-la-firma.webp 94w, https:\/\/www.injuryclaimnyclaw.com\/wp-content\/uploads\/2025\/03\/sobre-la-firma-70x70.webp 70w\" sizes=\"auto, (max-width: 90px) 100vw, 90px\" \/>Si te lastimas en una ca\u00edda en la propiedad de otra persona en la ciudad de Nueva York, la ley puede darte el derecho de presentar una reclamaci\u00f3n contra la persona o empresa que posee o controla la propiedad.<\/p>\n<p>Si te has lastimado, adem\u00e1s de recibir la atenci\u00f3n m\u00e9dica necesaria, procura buscar el apoyo de un abogado que vele por tus intereses.<\/p>\n<h2>Ca\u00eddas Desde Alturas<\/h2>\n<p><img loading=\"lazy\" decoding=\"async\" class=\"size-medium wp-image-16580 alignright\" src=\"https:\/\/www.injuryclaimnyclaw.com\/wp-content\/uploads\/2025\/03\/DSC00217-1024x682-1-300x200.webp\" alt=\"Abogada Asistente en escritorio de Abogados Resnick\" width=\"300\" height=\"200\" srcset=\"https:\/\/www.injuryclaimnyclaw.com\/wp-content\/uploads\/2025\/03\/DSC00217-1024x682-1-300x200.webp 300w, https:\/\/www.injuryclaimnyclaw.com\/wp-content\/uploads\/2025\/03\/DSC00217-1024x682-1-768x512.webp 768w, https:\/\/www.injuryclaimnyclaw.com\/wp-content\/uploads\/2025\/03\/DSC00217-1024x682-1.webp 1024w\" sizes=\"auto, (max-width: 300px) 100vw, 300px\" \/>En una situaci\u00f3n de ca\u00eddas desde las alturas, contar con el apoyo de un abogado es esencial, por numerosas razones.<\/p>\n<p>Para comenzar, tales incidentes a menudo resultan en lesiones graves como:<\/p>\n<ul>\n<li>Fracturas<\/li>\n<li>Lesiones en la m\u00e9dula espinal<\/li>\n<li>Lesiones cerebrales traum\u00e1ticas<\/li>\n<li>Fatalidades<\/li>\n<\/ul>\n<p>Lidiar con las secuelas de tales lesiones puede ser abrumador, tanto f\u00edsica como emocionalmente.<\/p>\n<p><strong>Un abogado especializado en casos de ca\u00eddas desde alturas puede brindar un apoyo y orientaci\u00f3n invaluables durante todo el proceso legal.<\/strong><\/p>\n<p><a class=\"btn btn--primary\" href=\"tel:+12122792000\"\">Cont\u00e1ctanos<\/a><\/p>\n<h2>Asesor\u00eda para determinar la responsabilidad<\/h2>\n<p>Determinar la responsabilidad en estos casos puede ser complejo.<\/p>\n<p><img loading=\"lazy\" decoding=\"async\" class=\"alignleft wp-image-16577\" src=\"https:\/\/www.injuryclaimnyclaw.com\/wp-content\/uploads\/2025\/03\/sobre-la-firma.webp\" alt=\"\" width=\"90\" height=\"90\" srcset=\"https:\/\/www.injuryclaimnyclaw.com\/wp-content\/uploads\/2025\/03\/sobre-la-firma.webp 94w, https:\/\/www.injuryclaimnyclaw.com\/wp-content\/uploads\/2025\/03\/sobre-la-firma-70x70.webp 70w\" sizes=\"auto, (max-width: 90px) 100vw, 90px\" \/>Los propietarios, empleadores, empresas de construcci\u00f3n o fabricantes de equipos podr\u00edan ser potencialmente responsables por medidas de seguridad inadecuadas, negligencia o equipos defectuosos.<\/p>\n<p><img loading=\"lazy\" decoding=\"async\" class=\"alignleft wp-image-16577\" src=\"https:\/\/www.injuryclaimnyclaw.com\/wp-content\/uploads\/2025\/03\/sobre-la-firma.webp\" alt=\"\" width=\"90\" height=\"90\" srcset=\"https:\/\/www.injuryclaimnyclaw.com\/wp-content\/uploads\/2025\/03\/sobre-la-firma.webp 94w, https:\/\/www.injuryclaimnyclaw.com\/wp-content\/uploads\/2025\/03\/sobre-la-firma-70x70.webp 70w\" sizes=\"auto, (max-width: 90px) 100vw, 90px\" \/>Un abogado con experiencia en el manejo de casos de ca\u00eddas desde alturas puede investigar minuciosamente las circunstancias que rodean el incidente, recopilar evidencia e identificar a las partes responsables.<\/p>\n<h2>Defensa contra las aseguradoras<\/h2>\n<p><img loading=\"lazy\" decoding=\"async\" class=\"size-medium wp-image-16583 alignright\" src=\"https:\/\/www.injuryclaimnyclaw.com\/wp-content\/uploads\/2025\/03\/Depositphotos_325533986_XL-1024x682-1-300x200.webp\" alt=\"Sujeto de Resbalon y Caida Abogados Resnick\" width=\"300\" height=\"200\" srcset=\"https:\/\/www.injuryclaimnyclaw.com\/wp-content\/uploads\/2025\/03\/Depositphotos_325533986_XL-1024x682-1-300x200.webp 300w, https:\/\/www.injuryclaimnyclaw.com\/wp-content\/uploads\/2025\/03\/Depositphotos_325533986_XL-1024x682-1-768x512.webp 768w, https:\/\/www.injuryclaimnyclaw.com\/wp-content\/uploads\/2025\/03\/Depositphotos_325533986_XL-1024x682-1.webp 1024w\" sizes=\"auto, (max-width: 300px) 100vw, 300px\" \/>Existe la posibilidad de que las compa\u00f1\u00edas de seguros que representan a los responsables pueden tratar de minimizar o negar la compensaci\u00f3n a la v\u00edctima.<\/p>\n<p>Contar con un representante que te defienda puede garantizar que se protejan tus derechos. Un abogado puede negociar con las compa\u00f1\u00edas de seguros para buscar una compensaci\u00f3n justa y adecuada por:<\/p>\n<ul>\n<li>Gastos m\u00e9dicos<\/li>\n<li>Salarios perdidos<\/li>\n<li>Dolor y sufrimiento<\/li>\n<\/ul>\n","protected":false},"excerpt":{"rendered":"<p>\u00bfTe has lastimado en un accidente por resbal\u00f3n y ca\u00edda? Tienes derecho a exigir una compensaci\u00f3n. Sin embargo, la responsabilidad de las personas potencialmente responsables var\u00eda, dependiendo de las reglas y principios adoptados en la jurisdicci\u00f3n donde ocurri\u00f3 el percance. Contar con el apoyo de un experimentado abogado de resbalones y ca\u00eddas en la ciudad [&hellip;]<\/p>\n","protected":false},"author":8,"featured_media":19034,"parent":0,"menu_order":841,"comment_status":"closed","ping_status":"closed","template":"","meta":{"_acf_changed":false,"footnotes":""},"class_list":["post-6734","page","type-page","status-publish","has-post-thumbnail","hentry"],"acf":[],"yoast_head":"<!-- This site is optimized with the Yoast SEO plugin v27.4 - https:\/\/yoast.com\/product\/yoast-seo-wordpress\/ -->\n<title>Resbal\u00f3n y Ca\u00edda \u2013 David Resnick Abogados<\/title>\n<meta name=\"description\" content=\"Contar con el apoyo de un experimentado abogado en caso resbalon y ca\u00edda en la ciudad de Nueva York ayudar\u00eda a determinar si existe responsabilidad en tu caso particular y ayudarte a recuperar da\u00f1os.\" \/>\n<meta name=\"robots\" content=\"index, follow, max-snippet:-1, max-image-preview:large, max-video-preview:-1\" \/>\n<link rel=\"canonical\" href=\"https:\/\/www.injuryclaimnyclaw.com\/es\/resbalon-y-caida\/\" \/>\n<meta property=\"og:locale\" content=\"es_ES\" \/>\n<meta property=\"og:type\" content=\"article\" \/>\n<meta property=\"og:title\" content=\"Resbal\u00f3n y Ca\u00edda \u2013 David Resnick Abogados\" \/>\n<meta property=\"og:description\" content=\"Contar con el apoyo de un experimentado abogado en caso resbalon y ca\u00edda en la ciudad de Nueva York ayudar\u00eda a determinar si existe responsabilidad en tu caso particular y ayudarte a recuperar da\u00f1os.\" \/>\n<meta property=\"og:url\" content=\"https:\/\/www.injuryclaimnyclaw.com\/es\/resbalon-y-caida\/\" \/>\n<meta property=\"og:site_name\" content=\"David Resnick &amp; Associates, P.C.\" \/>\n<meta property=\"article:publisher\" content=\"https:\/\/www.facebook.com\/DavidResnickLaw\" \/>\n<meta property=\"article:modified_time\" content=\"2025-04-03T12:58:57+00:00\" \/>\n<meta property=\"og:image\" content=\"https:\/\/www.injuryclaimnyclaw.com\/wp-content\/uploads\/2025\/04\/resbalon-y-caida.jpg\" \/>\n\t<meta property=\"og:image:width\" content=\"902\" \/>\n\t<meta property=\"og:image:height\" content=\"290\" \/>\n\t<meta property=\"og:image:type\" content=\"image\/jpeg\" \/>\n<meta name=\"twitter:card\" content=\"summary_large_image\" \/>\n<meta name=\"twitter:site\" content=\"@injurylawyerNYC\" \/>\n<meta name=\"twitter:label1\" content=\"Tiempo de lectura\" \/>\n\t<meta name=\"twitter:data1\" content=\"4 minutos\" \/>\n<!-- \/ Yoast SEO plugin. -->","yoast_head_json":{"title":"Resbal\u00f3n y Ca\u00edda \u2013 David Resnick Abogados","description":"Contar con el apoyo de un experimentado abogado en caso resbalon y ca\u00edda en la ciudad de Nueva York ayudar\u00eda a determinar si existe responsabilidad en tu caso particular y ayudarte a recuperar da\u00f1os.","robots":{"index":"index","follow":"follow","max-snippet":"max-snippet:-1","max-image-preview":"max-image-preview:large","max-video-preview":"max-video-preview:-1"},"canonical":"https:\/\/www.injuryclaimnyclaw.com\/es\/resbalon-y-caida\/","og_locale":"es_ES","og_type":"article","og_title":"Resbal\u00f3n y Ca\u00edda \u2013 David Resnick Abogados","og_description":"Contar con el apoyo de un experimentado abogado en caso resbalon y ca\u00edda en la ciudad de Nueva York ayudar\u00eda a determinar si existe responsabilidad en tu caso particular y ayudarte a recuperar da\u00f1os.","og_url":"https:\/\/www.injuryclaimnyclaw.com\/es\/resbalon-y-caida\/","og_site_name":"David Resnick &amp; Associates, P.C.","article_publisher":"https:\/\/www.facebook.com\/DavidResnickLaw","article_modified_time":"2025-04-03T12:58:57+00:00","og_image":[{"width":902,"height":290,"url":"https:\/\/www.injuryclaimnyclaw.com\/wp-content\/uploads\/2025\/04\/resbalon-y-caida.jpg","type":"image\/jpeg"}],"twitter_card":"summary_large_image","twitter_site":"@injurylawyerNYC","twitter_misc":{"Tiempo de lectura":"4 minutos"},"schema":{"@context":"https:\/\/schema.org","@graph":[{"@type":"WebPage","@id":"https:\/\/www.injuryclaimnyclaw.com\/es\/resbalon-y-caida\/","url":"https:\/\/www.injuryclaimnyclaw.com\/es\/resbalon-y-caida\/","name":"Resbal\u00f3n y Ca\u00edda \u2013 David Resnick Abogados","isPartOf":{"@id":"https:\/\/www.injuryclaimnyclaw.com\/es\/#website"},"primaryImageOfPage":{"@id":"https:\/\/www.injuryclaimnyclaw.com\/es\/resbalon-y-caida\/#primaryimage"},"image":{"@id":"https:\/\/www.injuryclaimnyclaw.com\/es\/resbalon-y-caida\/#primaryimage"},"thumbnailUrl":"https:\/\/www.injuryclaimnyclaw.com\/wp-content\/uploads\/2025\/04\/resbalon-y-caida.jpg","datePublished":"2025-02-13T02:52:33+00:00","dateModified":"2025-04-03T12:58:57+00:00","description":"Contar con el apoyo de un experimentado abogado en caso resbalon y ca\u00edda en la ciudad de Nueva York ayudar\u00eda a determinar si existe responsabilidad en tu caso particular y ayudarte a recuperar da\u00f1os.","breadcrumb":{"@id":"https:\/\/www.injuryclaimnyclaw.com\/es\/resbalon-y-caida\/#breadcrumb"},"inLanguage":"es","potentialAction":[{"@type":"ReadAction","target":["https:\/\/www.injuryclaimnyclaw.com\/es\/resbalon-y-caida\/"]}]},{"@type":"ImageObject","inLanguage":"es","@id":"https:\/\/www.injuryclaimnyclaw.com\/es\/resbalon-y-caida\/#primaryimage","url":"https:\/\/www.injuryclaimnyclaw.com\/wp-content\/uploads\/2025\/04\/resbalon-y-caida.jpg","contentUrl":"https:\/\/www.injuryclaimnyclaw.com\/wp-content\/uploads\/2025\/04\/resbalon-y-caida.jpg","width":902,"height":290},{"@type":"BreadcrumbList","@id":"https:\/\/www.injuryclaimnyclaw.com\/es\/resbalon-y-caida\/#breadcrumb","itemListElement":[{"@type":"ListItem","position":1,"name":"Inicio","item":"https:\/\/www.injuryclaimnyclaw.com\/es\/"},{"@type":"ListItem","position":2,"name":"Resbal\u00f3n y Ca\u00edda"}]},{"@type":"WebSite","@id":"https:\/\/www.injuryclaimnyclaw.com\/es\/#website","url":"https:\/\/www.injuryclaimnyclaw.com\/es\/","name":"David Resnick & Associates","description":"","publisher":{"@id":"https:\/\/www.injuryclaimnyclaw.com\/es\/#organization"},"potentialAction":[{"@type":"SearchAction","target":{"@type":"EntryPoint","urlTemplate":"https:\/\/www.injuryclaimnyclaw.com\/es\/?s={search_term_string}"},"query-input":{"@type":"PropertyValueSpecification","valueRequired":true,"valueName":"search_term_string"}}],"inLanguage":"es"},{"@type":"Organization","@id":"https:\/\/www.injuryclaimnyclaw.com\/es\/#organization","name":"David Resnick & Associates","url":"https:\/\/www.injuryclaimnyclaw.com\/es\/","logo":{"@type":"ImageObject","inLanguage":"es","@id":"https:\/\/www.injuryclaimnyclaw.com\/es\/#\/schema\/logo\/image\/","url":"https:\/\/www.injuryclaimnyclaw.com\/wp-content\/uploads\/2024\/01\/david-resnick-logo.png","contentUrl":"https:\/\/www.injuryclaimnyclaw.com\/wp-content\/uploads\/2024\/01\/david-resnick-logo.png","width":287,"height":87,"caption":"David Resnick & Associates"},"image":{"@id":"https:\/\/www.injuryclaimnyclaw.com\/es\/#\/schema\/logo\/image\/"},"sameAs":["https:\/\/www.facebook.com\/DavidResnickLaw","https:\/\/x.com\/injurylawyerNYC","http:\/\/www.linkedin.com\/in\/nyinjuryattorney","https:\/\/www.youtube.com\/user\/DavidResnickLaw"]}]}},"_links":{"self":[{"href":"https:\/\/www.injuryclaimnyclaw.com\/es\/wp-json\/wp\/v2\/pages\/6734","targetHints":{"allow":["GET"]}}],"collection":[{"href":"https:\/\/www.injuryclaimnyclaw.com\/es\/wp-json\/wp\/v2\/pages"}],"about":[{"href":"https:\/\/www.injuryclaimnyclaw.com\/es\/wp-json\/wp\/v2\/types\/page"}],"author":[{"embeddable":true,"href":"https:\/\/www.injuryclaimnyclaw.com\/es\/wp-json\/wp\/v2\/users\/8"}],"replies":[{"embeddable":true,"href":"https:\/\/www.injuryclaimnyclaw.com\/es\/wp-json\/wp\/v2\/comments?post=6734"}],"version-history":[{"count":1,"href":"https:\/\/www.injuryclaimnyclaw.com\/es\/wp-json\/wp\/v2\/pages\/6734\/revisions"}],"predecessor-version":[{"id":16565,"href":"https:\/\/www.injuryclaimnyclaw.com\/es\/wp-json\/wp\/v2\/pages\/6734\/revisions\/16565"}],"wp:featuredmedia":[{"embeddable":true,"href":"https:\/\/www.injuryclaimnyclaw.com\/es\/wp-json\/wp\/v2\/media\/19034"}],"wp:attachment":[{"href":"https:\/\/www.injuryclaimnyclaw.com\/es\/wp-json\/wp\/v2\/media?parent=6734"}],"curies":[{"name":"wp","href":"https:\/\/api.w.org\/{rel}","templated":true}]}}