{"id":6724,"date":"2023-12-07T11:50:22","date_gmt":"2023-12-07T11:50:22","guid":{"rendered":"https:\/\/www.injuryclaimnyclaw.com\/?page_id=6724"},"modified":"2025-04-02T09:35:50","modified_gmt":"2025-04-02T09:35:50","slug":"sobre-la-firma","status":"publish","type":"page","link":"https:\/\/www.injuryclaimnyclaw.com\/es\/sobre-la-firma\/","title":{"rendered":"Sobre La Firma"},"content":{"rendered":"<p>En 1998, David Resnick fund\u00f3 la firma despu\u00e9s de percatarse de que los clientes necesitan un servicio con mayor comunicaci\u00f3n y un cuidado m\u00e1s personal.<\/p>\n<p>Nuestro principal objetivo consiste en ayudar a personas comunes que han tenido la desgracia de resultar heridas en un accidente. Bajo esta premisa, servimos orientados en los siguientes pilares:<\/p>\n<ul>\n<li>Cuidado personal<\/li>\n<li>Atenci\u00f3n<\/li>\n<li>Comunicaci\u00f3n con los clientes<\/li>\n<\/ul>\n<h2>Con nuestro apoyo, nuestros clientes pueden esperar:<\/h2>\n<ul>\n<li>Informaci\u00f3n actualizada sobre su caso<\/li>\n<li>Disponibilidad para conversar cuando haya preguntas<\/li>\n<li>Representaci\u00f3n ante aseguradoras, tribunales, autoridades policiales<\/li>\n<li>Encontrar los mejores m\u00e9dicos y especialistas para tratarte<\/li>\n<li>Recibir consejos sinceros sobre su caso<\/li>\n<li>Defender con firmeza su derecho a recibir una compensaci\u00f3n<\/li>\n<\/ul>\n<h2>Nuestro Equipo<\/h2>\n<h3>David Resnick<\/h3>\n<p><strong>Abogado Fundador<\/strong><\/p>\n<h3><img loading=\"lazy\" decoding=\"async\" class=\"size-medium wp-image-19001 alignleft\" src=\"https:\/\/www.injuryclaimnyclaw.com\/wp-content\/uploads\/2025\/03\/resnick-1-300x279.png\" alt=\"David Resnick Abogado Fundador\" width=\"300\" height=\"279\" srcset=\"https:\/\/www.injuryclaimnyclaw.com\/wp-content\/uploads\/2025\/03\/resnick-1-300x279.png 300w, https:\/\/www.injuryclaimnyclaw.com\/wp-content\/uploads\/2025\/03\/resnick-1-768x714.png 768w, https:\/\/www.injuryclaimnyclaw.com\/wp-content\/uploads\/2025\/03\/resnick-1.png 1024w\" sizes=\"auto, (max-width: 300px) 100vw, 300px\" \/><\/h3>\n<p>David Resnick fund\u00f3 la firma en 1998 despu\u00e9s de trabajar en grandes firmas de abogados donde vio la necesidad de mayor comunicaci\u00f3n con el cliente y m\u00e1s atenci\u00f3n personalizada. Quer\u00eda ayudar a la gente com\u00fan que han tenido la desgracia de resultar lesionados en un accidente. Sus primeras experiencias en otras empresas le ense\u00f1aron que el cuidado y la atenci\u00f3n personal, as\u00ed como la comunicaci\u00f3n con los clientes, deben ser los pilares de una firma de abogados, principios que, seg\u00fan \u00e9l, faltaban en otros lugares.<\/p>\n<p>Su esfuerzo por cambiar la forma en que los abogados se relacionan con sus clientes comenz\u00f3 cuando lanz\u00f3 su propia pr\u00e1ctica legal desde una peque\u00f1a oficina en su departamento en la ciudad. Su esposa, entonces estudiante, le ayud\u00f3 contestando tel\u00e9fonos entre clases.<\/p>\n<p>David Resnick Abogados se ha convertido en una exitosa firma de abogados de lesiones personales de Nueva York en el centro de Manhattan. Aunque la firma ha crecido, la dedicaci\u00f3n de David Resnick a las relaciones con los clientes y sus valores fundamentales siguen siendo los mismos.<\/p>\n<p>La comunicaci\u00f3n constante es clave en David Resnick Abogados. Visita a clientes en sus casas o en el hospital con frecuencia para comprender completamente el trauma que ha causado un accidente. Conocer a la familia de un cliente es algo que David Resnick cree que es una parte importante de muchos casos de lesiones, porque cuando un miembro de una familia resulta lesionado, otros miembros de la familia a menudo tambi\u00e9n sufren. David Resnick est\u00e1 dedicado a su propia familia y entiende que los clientes y sus seres queridos necesitan ayuda para reconstruir sus vidas despu\u00e9s de un accidente traum\u00e1tico.<\/p>\n<p><strong>Educaci\u00f3n<\/strong><\/p>\n<ul>\n<li>Licenciatura en Artes, Universidad George Washington, 1990<\/li>\n<li>Doctorado en Derecho, Facultad de Derecho Cardozo, 1995<\/li>\n<\/ul>\n<p><strong>Admisiones a la Barra<\/strong><\/p>\n<ul>\n<li>Colegio de Abogados del Estado de Nueva York, 1996<\/li>\n<\/ul>\n<p><strong>Asociaciones y Membres\u00edas<\/strong><\/p>\n<ul>\n<li>Asociaci\u00f3n de Abogados Litigantes del Estado de Nueva York<\/li>\n<\/ul>\n<p><strong>Casos Notables<\/strong><\/p>\n<ul>\n<li><strong>$1.9 millones<\/strong> como resultado de un accidente automovil\u00edstico con choque trasero<\/li>\n<li>$1.6 millones en nombre de una mujer que result\u00f3 lesionada por una ca\u00edda grave en una tienda de delicatessen<\/li>\n<\/ul>\n<h3>Philip Monier<\/h3>\n<p><strong>Abogado Asesor<\/strong><\/p>\n<h3><img loading=\"lazy\" decoding=\"async\" class=\"size-medium wp-image-19003 alignleft\" src=\"https:\/\/www.injuryclaimnyclaw.com\/wp-content\/uploads\/2025\/03\/monier-280x300.png\" alt=\"Phillip Monier Abogado Asesor\" width=\"280\" height=\"300\" srcset=\"https:\/\/www.injuryclaimnyclaw.com\/wp-content\/uploads\/2025\/03\/monier-280x300.png 280w, https:\/\/www.injuryclaimnyclaw.com\/wp-content\/uploads\/2025\/03\/monier.png 402w\" sizes=\"auto, (max-width: 280px) 100vw, 280px\" \/><\/h3>\n<p>Philip Monier ha representado a v\u00edctimas de lesiones catastr\u00f3ficas por descuido y negligencia de otros durante 25 a\u00f1os, obteniendo m\u00e1s de $100 millones, incluidos numerosos veredictos y acuerdos millonarios y multimillonarios, para compensarlos a ellos y a sus familias. Philip ha sido nombrado por tener algunos de los acuerdos y veredictos m\u00e1s altos a lo largo de los a\u00f1os, incluido el segundo acuerdo de responsabilidad de locales m\u00e1s alto en 2013 en el estado de Nueva York, seg\u00fan inform\u00f3 el New York Law Journal.<\/p>\n<p>Philip ha aparecido en programas de noticias locales y nacionales en ABC, NBC y CBS, y ha sido citado y mencionado en los principales peri\u00f3dicos y publicaciones de Nueva York y nacionales.<\/p>\n<p>Est\u00e1 autorizado para ejercer la abogac\u00eda ante los tribunales de los Estados de Nueva York y Nueva Jersey, as\u00ed como ante los Tribunales Federales y el Tribunal de Apelaciones del Segundo Departamento. Ha sido autorizado especialmente para ejercer en asuntos en muchos estados cuando las circunstancias del caso han requerido su experiencia, como Delaware, Pensilvania, Connecticut y Vermont.<\/p>\n<p>Mientras estudiaba derecho, Philip realiz\u00f3 pr\u00e1cticas y trabaj\u00f3 como secretario para jueces distinguidos del Tribunal Federal de Distrito de los Estados Unidos en Manhattan, el Tribunal de Comercio Internacional de los Estados Unidos y el Tribunal de Apelaciones del Segundo Circuito.<\/p>\n<p>Sus resultados en juicios y acuerdos han establecido r\u00e9cords tanto en Nueva York como en Nueva Jersey y ha representado a clientes a nivel nacional e internacional. Muchas de las apelaciones en las que Philip ha participado han dado lugar a decisiones publicadas en las que desde entonces otros tribunales se han basado para decidir los casos.<\/p>\n<p><strong>Educaci\u00f3n<\/strong><\/p>\n<ul>\n<li>Licenciatura en Ciencias, Facultad de Administraci\u00f3n de Empresas de la Universidad de St. John<\/li>\n<li>Doctorado en Derecho, Facultad de Derecho de la Universidad de St. John, Cum Laude<\/li>\n<\/ul>\n<p><strong>Asociaciones y Membres\u00edas<\/strong><\/p>\n<ul>\n<li>Asociaci\u00f3n Americana de Abogados<\/li>\n<li>Asociaci\u00f3n de Abogados Litigantes del Estado de Nueva York<\/li>\n<li>Asociaci\u00f3n de Justicia de Nueva Jersey<\/li>\n<li>St. John&#8217;s Law Review, el Programa de Asistencia de Investigaci\u00f3n de la Facultad<\/li>\n<li>Beneficiario de la Beca St. Thomas Moore<\/li>\n<\/ul>\n<p><strong>Casos Notables<\/strong><\/p>\n<ul>\n<li><strong>$5.6 millones<\/strong><br \/>\nSentencia de $5.6 millones de d\u00f3lares (intoxicaci\u00f3n por plomo), Corte Suprema, Newark, Nueva Jersey<\/li>\n<li><strong>$3 millones<\/strong><br \/>\nVeredicto de $3 millones (intoxicaci\u00f3n por plomo), Corte Suprema, Bronx, Nueva York<\/li>\n<li><strong>$3 millones<\/strong><br \/>\nAcuerdo de $3 millones (intoxicaci\u00f3n por plomo), Corte Suprema, Bronx, Nueva York<\/li>\n<li><strong>$2.7 millones<\/strong><br \/>\nAcuerdo de $2.7 millones (intoxicaci\u00f3n por plomo), Corte Suprema, Bronx, Nueva York<\/li>\n<li><strong>$2.5 millones<\/strong><br \/>\nAcuerdo de $2.5 millones (intoxicaci\u00f3n por plomo), Corte Suprema, Bronx, Nueva York<\/li>\n<li><strong>$2.5 millones<\/strong><br \/>\nAcuerdo de $2.5 millones (responsabilidad por productos defectuosos), Corte Suprema, Brooklyn, Nueva York<\/li>\n<li><strong>$2.3 millones<\/strong><br \/>\nAcuerdo de $2.3 millones (intoxicaci\u00f3n por plomo), Corte Suprema, Manhattan, Nueva York<\/li>\n<li><strong>$2 millones<\/strong><br \/>\nAcuerdo de $2 millones (negligencia m\u00e9dica), Corte Suprema, Manhattan, Nueva York<\/li>\n<li><strong>$1.9 millones<\/strong><br \/>\nAcuerdo de $1.9 millones (intoxicaci\u00f3n por plomo), Corte Suprema, Brooklyn, Nueva York<\/li>\n<li><strong>$1.75 millones<\/strong><br \/>\nAcuerdo de $1.75 millones (intoxicaci\u00f3n por plomo), Corte Suprema, Brooklyn, Nueva York<\/li>\n<li><strong>$1.5 millones<\/strong><br \/>\nAcuerdo de $1.5 millones (accidente automovil\u00edstico con lesi\u00f3n en la cabeza), Corte Suprema, Bronx, Nueva York<\/li>\n<li><strong>$1.5 millones<\/strong><br \/>\nAcuerdo de $1.5 millones (intoxicaci\u00f3n por plomo), Corte Suprema, Manhattan, Nueva York<\/li>\n<li><strong>$1.5 millones<\/strong><br \/>\nVeredicto de $1.5 millones (intoxicaci\u00f3n por plomo), Corte Suprema, Bronx, Nueva York<\/li>\n<li><strong>$1.45 millones<\/strong><br \/>\nAcuerdo de $1.45 millones (intoxicaci\u00f3n por plomo), Corte Suprema, Brooklyn, Nueva York<\/li>\n<li><strong>$1.3 millones<\/strong><br \/>\nAcuerdo de $1.3 millones (intoxicaci\u00f3n por plomo), Corte Suprema, Bronx, Nueva York<\/li>\n<li><strong>$1.2 millones<\/strong><br \/>\nVeredicto de $1.2 millones (intoxicaci\u00f3n por plomo), Corte Suprema, Brooklyn, Nueva York<\/li>\n<li><strong>$1.2 millones<\/strong><br \/>\nAcuerdo de $1.2 millones (intoxicaci\u00f3n por plomo), Corte Suprema, Bronx, Nueva York<\/li>\n<li><strong>$1.1 millones<\/strong><br \/>\nVeredicto de $1.1 millones (accidente automovil\u00edstico de peatones), Corte Suprema, Staten Island, Nueva York<\/li>\n<li><strong>$1.1 millones<\/strong><br \/>\nAcuerdo de $1.1 millones (intoxicaci\u00f3n por plomo), Corte Suprema, Bronx, Nueva York<\/li>\n<li><strong>$1 mill\u00f3n<\/strong><br \/>\nAcuerdo de $1 mill\u00f3n (accidente automovil\u00edstico), Corte de Distrito de EE.UU, Newark, Nueva Jersey<\/li>\n<li><strong>$1 mill\u00f3n<\/strong><br \/>\nAcuerdo de $1 mill\u00f3n (brutalidad policial), Corte de Distrito de los EE.UU. para el Distrito Este de Nueva York, Brooklyn, Nueva York<\/li>\n<li><strong>$950,000<\/strong><br \/>\nAcuerdo de $950,000 (accidente de ascensor), Corte Suprema, Manhattan, Nueva York<\/li>\n<\/ul>\n<h3>Gary Morgenstern<\/h3>\n<p><strong>Abogado Asesor<\/strong><\/p>\n<h3><img loading=\"lazy\" decoding=\"async\" class=\"size-medium wp-image-19005 alignleft\" src=\"https:\/\/www.injuryclaimnyclaw.com\/wp-content\/uploads\/2025\/03\/morgenstern-280x300.png\" alt=\"Abogado Asesor Gary Morgensten\" width=\"280\" height=\"300\" srcset=\"https:\/\/www.injuryclaimnyclaw.com\/wp-content\/uploads\/2025\/03\/morgenstern-280x300.png 280w, https:\/\/www.injuryclaimnyclaw.com\/wp-content\/uploads\/2025\/03\/morgenstern.png 402w\" sizes=\"auto, (max-width: 280px) 100vw, 280px\" \/><\/h3>\n<p>Gary Morgenstern es abogado en David Resnick Abogados. Se gradu\u00f3 de la Universidad Estatal de Nueva York en New Paltz, en 2001 y de la Facultad de Derecho de la Universidad de St. John en 2013. En 2011, recibi\u00f3 el prestigioso Premio del Decano a la Excelencia.<\/p>\n<p>Ha trabajado en David Resnick Abogados desde 2011 y se convirti\u00f3 en asociado cuando fue admitido en el Colegio de Abogados del Estado de Nueva York en enero de 2014. Su enfoque principal es en litigios por lesiones personales, incluidos accidentes automovil\u00edsticos, resbalones\/tropezones y ca\u00eddas, accidentes laborales y muertes por negligencia.<\/p>\n<p>Antes de unirse al equipo de David Resnick Abogados, Gary realiz\u00f3 una pasant\u00eda en la Corte Suprema de Brooklyn para el Honorable Juez Jeffrey S. Sunshine, Juez Supervisor de Asuntos Matrimoniales del Condado de Kings.<\/p>\n<p>Adem\u00e1s de los asuntos matrimoniales y de lesiones personales, Gary tambi\u00e9n tiene una amplia experiencia en entretenimiento legal. De 2003 a 2007, trabaj\u00f3 en la red de entretenimiento legal Court TV. Despu\u00e9s de su experiencia en Court TV, Gary pas\u00f3 dos a\u00f1os trabajando en el departamento legal de Sony Pictures Television para varios programas judiciales diurnos, incluidos Judge Hatchett, Judge David Young, Judge Maria Lopez y Judge Karen.<\/p>\n<p><strong>Educaci\u00f3n<\/strong><\/p>\n<ul>\n<li>Licenciatura en Artes, Universidad Estatal de Nueva York<\/li>\n<li>Doctorado en Derecho, Facultad de Derecho de la Universidad de St. John<\/li>\n<\/ul>\n<p><strong>Admisiones a la Barra<\/strong><\/p>\n<ul>\n<li>Colegio de Abogados del Estado de Nueva York, 2014<\/li>\n<\/ul>\n","protected":false},"excerpt":{"rendered":"<p>En 1998, David Resnick fund\u00f3 la firma despu\u00e9s de percatarse de que los clientes necesitan un servicio con mayor comunicaci\u00f3n y un cuidado m\u00e1s personal. Nuestro principal objetivo consiste en ayudar a personas comunes que han tenido la desgracia de resultar heridas en un accidente. Bajo esta premisa, servimos orientados en los siguientes pilares: Cuidado [&hellip;]<\/p>\n","protected":false},"author":8,"featured_media":18999,"parent":0,"menu_order":162,"comment_status":"closed","ping_status":"closed","template":"","meta":{"_acf_changed":false,"footnotes":""},"class_list":["post-6724","page","type-page","status-publish","has-post-thumbnail","hentry"],"acf":[],"yoast_head":"<!-- This site is optimized with the Yoast SEO plugin v27.3 - https:\/\/yoast.com\/product\/yoast-seo-wordpress\/ -->\n<title>Sobre la Firma \u2013 David Resnick Abogados<\/title>\n<meta name=\"description\" content=\"Sobre La Firma: Nuestro principal objetivo consiste en ayudar a personas comunes que han tenido la desgracia de resultar heridas en un accidente.\" \/>\n<meta name=\"robots\" content=\"index, follow, max-snippet:-1, max-image-preview:large, max-video-preview:-1\" \/>\n<link rel=\"canonical\" href=\"https:\/\/www.injuryclaimnyclaw.com\/es\/sobre-la-firma\/\" \/>\n<meta property=\"og:locale\" content=\"es_ES\" \/>\n<meta property=\"og:type\" content=\"article\" \/>\n<meta property=\"og:title\" content=\"Sobre la Firma \u2013 David Resnick Abogados\" \/>\n<meta property=\"og:description\" content=\"Sobre La Firma: Nuestro principal objetivo consiste en ayudar a personas comunes que han tenido la desgracia de resultar heridas en un accidente.\" \/>\n<meta property=\"og:url\" content=\"https:\/\/www.injuryclaimnyclaw.com\/es\/sobre-la-firma\/\" \/>\n<meta property=\"og:site_name\" content=\"David Resnick &amp; Associates, P.C.\" \/>\n<meta property=\"article:publisher\" content=\"https:\/\/www.facebook.com\/DavidResnickLaw\" \/>\n<meta property=\"article:modified_time\" content=\"2025-04-02T09:35:50+00:00\" \/>\n<meta property=\"og:image\" content=\"https:\/\/www.injuryclaimnyclaw.com\/wp-content\/uploads\/2025\/03\/DSC00931.webp\" \/>\n\t<meta property=\"og:image:width\" content=\"1024\" \/>\n\t<meta property=\"og:image:height\" content=\"682\" \/>\n\t<meta property=\"og:image:type\" content=\"image\/webp\" \/>\n<meta name=\"twitter:card\" content=\"summary_large_image\" \/>\n<meta name=\"twitter:site\" content=\"@injurylawyerNYC\" \/>\n<meta name=\"twitter:label1\" content=\"Tiempo de lectura\" \/>\n\t<meta name=\"twitter:data1\" content=\"7 minutos\" \/>\n<!-- \/ Yoast SEO plugin. -->","yoast_head_json":{"title":"Sobre la Firma \u2013 David Resnick Abogados","description":"Sobre La Firma: Nuestro principal objetivo consiste en ayudar a personas comunes que han tenido la desgracia de resultar heridas en un accidente.","robots":{"index":"index","follow":"follow","max-snippet":"max-snippet:-1","max-image-preview":"max-image-preview:large","max-video-preview":"max-video-preview:-1"},"canonical":"https:\/\/www.injuryclaimnyclaw.com\/es\/sobre-la-firma\/","og_locale":"es_ES","og_type":"article","og_title":"Sobre la Firma \u2013 David Resnick Abogados","og_description":"Sobre La Firma: Nuestro principal objetivo consiste en ayudar a personas comunes que han tenido la desgracia de resultar heridas en un accidente.","og_url":"https:\/\/www.injuryclaimnyclaw.com\/es\/sobre-la-firma\/","og_site_name":"David Resnick &amp; Associates, P.C.","article_publisher":"https:\/\/www.facebook.com\/DavidResnickLaw","article_modified_time":"2025-04-02T09:35:50+00:00","og_image":[{"width":1024,"height":682,"url":"https:\/\/www.injuryclaimnyclaw.com\/wp-content\/uploads\/2025\/03\/DSC00931.webp","type":"image\/webp"}],"twitter_card":"summary_large_image","twitter_site":"@injurylawyerNYC","twitter_misc":{"Tiempo de lectura":"7 minutos"},"schema":{"@context":"https:\/\/schema.org","@graph":[{"@type":"WebPage","@id":"https:\/\/www.injuryclaimnyclaw.com\/es\/sobre-la-firma\/","url":"https:\/\/www.injuryclaimnyclaw.com\/es\/sobre-la-firma\/","name":"Sobre la Firma \u2013 David Resnick Abogados","isPartOf":{"@id":"https:\/\/www.injuryclaimnyclaw.com\/es\/#website"},"primaryImageOfPage":{"@id":"https:\/\/www.injuryclaimnyclaw.com\/es\/sobre-la-firma\/#primaryimage"},"image":{"@id":"https:\/\/www.injuryclaimnyclaw.com\/es\/sobre-la-firma\/#primaryimage"},"thumbnailUrl":"https:\/\/www.injuryclaimnyclaw.com\/wp-content\/uploads\/2025\/03\/DSC00931.webp","datePublished":"2023-12-07T11:50:22+00:00","dateModified":"2025-04-02T09:35:50+00:00","description":"Sobre La Firma: Nuestro principal objetivo consiste en ayudar a personas comunes que han tenido la desgracia de resultar heridas en un accidente.","breadcrumb":{"@id":"https:\/\/www.injuryclaimnyclaw.com\/es\/sobre-la-firma\/#breadcrumb"},"inLanguage":"es","potentialAction":[{"@type":"ReadAction","target":["https:\/\/www.injuryclaimnyclaw.com\/es\/sobre-la-firma\/"]}]},{"@type":"ImageObject","inLanguage":"es","@id":"https:\/\/www.injuryclaimnyclaw.com\/es\/sobre-la-firma\/#primaryimage","url":"https:\/\/www.injuryclaimnyclaw.com\/wp-content\/uploads\/2025\/03\/DSC00931.webp","contentUrl":"https:\/\/www.injuryclaimnyclaw.com\/wp-content\/uploads\/2025\/03\/DSC00931.webp","width":1024,"height":682,"caption":"Abogado David Resnick en oficina"},{"@type":"BreadcrumbList","@id":"https:\/\/www.injuryclaimnyclaw.com\/es\/sobre-la-firma\/#breadcrumb","itemListElement":[{"@type":"ListItem","position":1,"name":"Inicio","item":"https:\/\/www.injuryclaimnyclaw.com\/es\/"},{"@type":"ListItem","position":2,"name":"Sobre La Firma"}]},{"@type":"WebSite","@id":"https:\/\/www.injuryclaimnyclaw.com\/es\/#website","url":"https:\/\/www.injuryclaimnyclaw.com\/es\/","name":"David Resnick & Associates","description":"","publisher":{"@id":"https:\/\/www.injuryclaimnyclaw.com\/es\/#organization"},"potentialAction":[{"@type":"SearchAction","target":{"@type":"EntryPoint","urlTemplate":"https:\/\/www.injuryclaimnyclaw.com\/es\/?s={search_term_string}"},"query-input":{"@type":"PropertyValueSpecification","valueRequired":true,"valueName":"search_term_string"}}],"inLanguage":"es"},{"@type":"Organization","@id":"https:\/\/www.injuryclaimnyclaw.com\/es\/#organization","name":"David Resnick & Associates","url":"https:\/\/www.injuryclaimnyclaw.com\/es\/","logo":{"@type":"ImageObject","inLanguage":"es","@id":"https:\/\/www.injuryclaimnyclaw.com\/es\/#\/schema\/logo\/image\/","url":"https:\/\/www.injuryclaimnyclaw.com\/wp-content\/uploads\/2024\/01\/david-resnick-logo.png","contentUrl":"https:\/\/www.injuryclaimnyclaw.com\/wp-content\/uploads\/2024\/01\/david-resnick-logo.png","width":287,"height":87,"caption":"David Resnick & Associates"},"image":{"@id":"https:\/\/www.injuryclaimnyclaw.com\/es\/#\/schema\/logo\/image\/"},"sameAs":["https:\/\/www.facebook.com\/DavidResnickLaw","https:\/\/x.com\/injurylawyerNYC","http:\/\/www.linkedin.com\/in\/nyinjuryattorney","https:\/\/www.youtube.com\/user\/DavidResnickLaw"]}]}},"_links":{"self":[{"href":"https:\/\/www.injuryclaimnyclaw.com\/es\/wp-json\/wp\/v2\/pages\/6724","targetHints":{"allow":["GET"]}}],"collection":[{"href":"https:\/\/www.injuryclaimnyclaw.com\/es\/wp-json\/wp\/v2\/pages"}],"about":[{"href":"https:\/\/www.injuryclaimnyclaw.com\/es\/wp-json\/wp\/v2\/types\/page"}],"author":[{"embeddable":true,"href":"https:\/\/www.injuryclaimnyclaw.com\/es\/wp-json\/wp\/v2\/users\/8"}],"replies":[{"embeddable":true,"href":"https:\/\/www.injuryclaimnyclaw.com\/es\/wp-json\/wp\/v2\/comments?post=6724"}],"version-history":[{"count":1,"href":"https:\/\/www.injuryclaimnyclaw.com\/es\/wp-json\/wp\/v2\/pages\/6724\/revisions"}],"predecessor-version":[{"id":13793,"href":"https:\/\/www.injuryclaimnyclaw.com\/es\/wp-json\/wp\/v2\/pages\/6724\/revisions\/13793"}],"wp:featuredmedia":[{"embeddable":true,"href":"https:\/\/www.injuryclaimnyclaw.com\/es\/wp-json\/wp\/v2\/media\/18999"}],"wp:attachment":[{"href":"https:\/\/www.injuryclaimnyclaw.com\/es\/wp-json\/wp\/v2\/media?parent=6724"}],"curies":[{"name":"wp","href":"https:\/\/api.w.org\/{rel}","templated":true}]}}