{"id":6715,"date":"2023-12-07T11:50:10","date_gmt":"2023-12-07T11:50:10","guid":{"rendered":"https:\/\/www.injuryclaimnyclaw.com\/?page_id=6715"},"modified":"2025-04-23T09:32:16","modified_gmt":"2025-04-23T09:32:16","slug":"en-espanol","status":"publish","type":"page","link":"https:\/\/www.injuryclaimnyclaw.com\/es\/","title":{"rendered":"En Espanol"},"content":{"rendered":"<h2>Sobre La Firma<\/h2>\n<p>Desde 1998 hemos brindado a nuestros clientes una experiencia centrada en la comunicaci\u00f3n y la confianza. Trabajamos con casos de lesiones personales en el \u00e1rea de Nueva York.<\/p>\n<h2>Nuestra Misi\u00f3n<\/h2>\n<p>Tenemos el compromiso de obtener el mejor resultado posible para las v\u00edctimas de lesiones personales y ofrecer una atenci\u00f3n compasiva y comprometida.<\/p>\n","protected":false},"excerpt":{"rendered":"<p>Sobre La Firma Desde 1998 hemos brindado a nuestros clientes una experiencia centrada en la comunicaci\u00f3n y la confianza. Trabajamos con casos de lesiones personales en el \u00e1rea de Nueva York. Nuestra Misi\u00f3n Tenemos el compromiso de obtener el mejor resultado posible para las v\u00edctimas de lesiones personales y ofrecer una atenci\u00f3n compasiva y comprometida.<\/p>\n","protected":false},"author":8,"featured_media":12223,"parent":0,"menu_order":15,"comment_status":"closed","ping_status":"closed","template":"","meta":{"_acf_changed":false,"footnotes":""},"class_list":["post-6715","page","type-page","status-publish","has-post-thumbnail","hentry"],"acf":[],"yoast_head":"<!-- This site is optimized with the Yoast SEO plugin v27.3 - https:\/\/yoast.com\/product\/yoast-seo-wordpress\/ -->\n<title>David Resnick Abogados - Somos el equipo que necesitas<\/title>\n<meta name=\"description\" content=\"David Resnick Abogados. Especializados en protecci\u00f3n de v\u00edctimas de accidentes y ca\u00eddas. Somos el equipo que necesitas para defender tus derechos.\" \/>\n<meta name=\"robots\" content=\"index, follow, max-snippet:-1, max-image-preview:large, max-video-preview:-1\" \/>\n<link rel=\"canonical\" href=\"https:\/\/www.injuryclaimnyclaw.com\/es\/\" \/>\n<meta property=\"og:locale\" content=\"es_ES\" \/>\n<meta property=\"og:type\" content=\"article\" \/>\n<meta property=\"og:title\" content=\"David Resnick Abogados - Somos el equipo que necesitas\" \/>\n<meta property=\"og:description\" content=\"David Resnick Abogados. Especializados en protecci\u00f3n de v\u00edctimas de accidentes y ca\u00eddas. Somos el equipo que necesitas para defender tus derechos.\" \/>\n<meta property=\"og:url\" content=\"https:\/\/www.injuryclaimnyclaw.com\/es\/\" \/>\n<meta property=\"og:site_name\" content=\"David Resnick &amp; Associates, P.C.\" \/>\n<meta property=\"article:publisher\" content=\"https:\/\/www.facebook.com\/DavidResnickLaw\" \/>\n<meta property=\"article:modified_time\" content=\"2025-04-23T09:32:16+00:00\" \/>\n<meta property=\"og:image\" content=\"https:\/\/www.injuryclaimnyclaw.com\/wp-content\/uploads\/2025\/03\/main-feature-img.png\" \/>\n\t<meta property=\"og:image:width\" content=\"854\" \/>\n\t<meta property=\"og:image:height\" content=\"784\" \/>\n\t<meta property=\"og:image:type\" content=\"image\/png\" \/>\n<meta name=\"twitter:card\" content=\"summary_large_image\" \/>\n<meta name=\"twitter:site\" content=\"@injurylawyerNYC\" \/>\n<meta name=\"twitter:label1\" content=\"Tiempo de lectura\" \/>\n\t<meta name=\"twitter:data1\" content=\"1 minuto\" \/>\n<!-- \/ Yoast SEO plugin. -->","yoast_head_json":{"title":"David Resnick Abogados - Somos el equipo que necesitas","description":"David Resnick Abogados. Especializados en protecci\u00f3n de v\u00edctimas de accidentes y ca\u00eddas. Somos el equipo que necesitas para defender tus derechos.","robots":{"index":"index","follow":"follow","max-snippet":"max-snippet:-1","max-image-preview":"max-image-preview:large","max-video-preview":"max-video-preview:-1"},"canonical":"https:\/\/www.injuryclaimnyclaw.com\/es\/","og_locale":"es_ES","og_type":"article","og_title":"David Resnick Abogados - Somos el equipo que necesitas","og_description":"David Resnick Abogados. Especializados en protecci\u00f3n de v\u00edctimas de accidentes y ca\u00eddas. Somos el equipo que necesitas para defender tus derechos.","og_url":"https:\/\/www.injuryclaimnyclaw.com\/es\/","og_site_name":"David Resnick &amp; Associates, P.C.","article_publisher":"https:\/\/www.facebook.com\/DavidResnickLaw","article_modified_time":"2025-04-23T09:32:16+00:00","og_image":[{"width":854,"height":784,"url":"https:\/\/www.injuryclaimnyclaw.com\/wp-content\/uploads\/2025\/03\/main-feature-img.png","type":"image\/png"}],"twitter_card":"summary_large_image","twitter_site":"@injurylawyerNYC","twitter_misc":{"Tiempo de lectura":"1 minuto"},"schema":{"@context":"https:\/\/schema.org","@graph":[{"@type":"WebPage","@id":"https:\/\/www.injuryclaimnyclaw.com\/es\/","url":"https:\/\/www.injuryclaimnyclaw.com\/es\/","name":"David Resnick Abogados - Somos el equipo que necesitas","isPartOf":{"@id":"https:\/\/www.injuryclaimnyclaw.com\/es\/#website"},"primaryImageOfPage":{"@id":"https:\/\/www.injuryclaimnyclaw.com\/es\/#primaryimage"},"image":{"@id":"https:\/\/www.injuryclaimnyclaw.com\/es\/#primaryimage"},"thumbnailUrl":"https:\/\/www.injuryclaimnyclaw.com\/wp-content\/uploads\/2025\/03\/main-feature-img.png","datePublished":"2023-12-07T11:50:10+00:00","dateModified":"2025-04-23T09:32:16+00:00","description":"David Resnick Abogados. Especializados en protecci\u00f3n de v\u00edctimas de accidentes y ca\u00eddas. Somos el equipo que necesitas para defender tus derechos.","breadcrumb":{"@id":"https:\/\/www.injuryclaimnyclaw.com\/es\/#breadcrumb"},"inLanguage":"es","potentialAction":[{"@type":"ReadAction","target":["https:\/\/www.injuryclaimnyclaw.com\/es\/"]}]},{"@type":"ImageObject","inLanguage":"es","@id":"https:\/\/www.injuryclaimnyclaw.com\/es\/#primaryimage","url":"https:\/\/www.injuryclaimnyclaw.com\/wp-content\/uploads\/2025\/03\/main-feature-img.png","contentUrl":"https:\/\/www.injuryclaimnyclaw.com\/wp-content\/uploads\/2025\/03\/main-feature-img.png","width":854,"height":784,"caption":"injured black man at work"},{"@type":"BreadcrumbList","@id":"https:\/\/www.injuryclaimnyclaw.com\/es\/#breadcrumb","itemListElement":[{"@type":"ListItem","position":1,"name":"Inicio","item":"https:\/\/www.injuryclaimnyclaw.com\/es\/"},{"@type":"ListItem","position":2,"name":"En Espanol"}]},{"@type":"WebSite","@id":"https:\/\/www.injuryclaimnyclaw.com\/es\/#website","url":"https:\/\/www.injuryclaimnyclaw.com\/es\/","name":"David Resnick & Associates","description":"","publisher":{"@id":"https:\/\/www.injuryclaimnyclaw.com\/es\/#organization"},"potentialAction":[{"@type":"SearchAction","target":{"@type":"EntryPoint","urlTemplate":"https:\/\/www.injuryclaimnyclaw.com\/es\/?s={search_term_string}"},"query-input":{"@type":"PropertyValueSpecification","valueRequired":true,"valueName":"search_term_string"}}],"inLanguage":"es"},{"@type":"Organization","@id":"https:\/\/www.injuryclaimnyclaw.com\/es\/#organization","name":"David Resnick & Associates","url":"https:\/\/www.injuryclaimnyclaw.com\/es\/","logo":{"@type":"ImageObject","inLanguage":"es","@id":"https:\/\/www.injuryclaimnyclaw.com\/es\/#\/schema\/logo\/image\/","url":"https:\/\/www.injuryclaimnyclaw.com\/wp-content\/uploads\/2024\/01\/david-resnick-logo.png","contentUrl":"https:\/\/www.injuryclaimnyclaw.com\/wp-content\/uploads\/2024\/01\/david-resnick-logo.png","width":287,"height":87,"caption":"David Resnick & Associates"},"image":{"@id":"https:\/\/www.injuryclaimnyclaw.com\/es\/#\/schema\/logo\/image\/"},"sameAs":["https:\/\/www.facebook.com\/DavidResnickLaw","https:\/\/x.com\/injurylawyerNYC","http:\/\/www.linkedin.com\/in\/nyinjuryattorney","https:\/\/www.youtube.com\/user\/DavidResnickLaw"]}]}},"_links":{"self":[{"href":"https:\/\/www.injuryclaimnyclaw.com\/es\/wp-json\/wp\/v2\/pages\/6715","targetHints":{"allow":["GET"]}}],"collection":[{"href":"https:\/\/www.injuryclaimnyclaw.com\/es\/wp-json\/wp\/v2\/pages"}],"about":[{"href":"https:\/\/www.injuryclaimnyclaw.com\/es\/wp-json\/wp\/v2\/types\/page"}],"author":[{"embeddable":true,"href":"https:\/\/www.injuryclaimnyclaw.com\/es\/wp-json\/wp\/v2\/users\/8"}],"replies":[{"embeddable":true,"href":"https:\/\/www.injuryclaimnyclaw.com\/es\/wp-json\/wp\/v2\/comments?post=6715"}],"version-history":[{"count":0,"href":"https:\/\/www.injuryclaimnyclaw.com\/es\/wp-json\/wp\/v2\/pages\/6715\/revisions"}],"wp:featuredmedia":[{"embeddable":true,"href":"https:\/\/www.injuryclaimnyclaw.com\/es\/wp-json\/wp\/v2\/media\/12223"}],"wp:attachment":[{"href":"https:\/\/www.injuryclaimnyclaw.com\/es\/wp-json\/wp\/v2\/media?parent=6715"}],"curies":[{"name":"wp","href":"https:\/\/api.w.org\/{rel}","templated":true}]}}