{"id":16669,"date":"2025-03-26T08:04:10","date_gmt":"2025-03-26T08:04:10","guid":{"rendered":"https:\/\/www.injuryclaimnyclaw.com\/?page_id=16669"},"modified":"2025-04-03T13:03:47","modified_gmt":"2025-04-03T13:03:47","slug":"renuncia-de-responsabilidad","status":"publish","type":"page","link":"https:\/\/www.injuryclaimnyclaw.com\/es\/renuncia-de-responsabilidad\/","title":{"rendered":"Renuncia De Responsabilidad"},"content":{"rendered":"<p><strong>El contenido de este sitio web se proporciona \u00fanicamente con fines informativos y publicitarios, y no debe interpretarse como asesoramiento legal sobre ning\u00fan tema.\u00a0<\/strong>Este sitio web contiene informaci\u00f3n general y puede no reflejar desarrollos legales actuales, veredictos o acuerdos. David Resnick Abogados renuncia expresamente a toda responsabilidad con respecto a las acciones tomadas o no tomadas en base a cualquiera o todos los contenidos de este sitio web.<\/p>\n<p>Cualquier contenido dentro de este sitio web, testimonios o endosos no constituye una garant\u00eda, garant\u00eda o predicci\u00f3n con respecto al resultado de su asunto legal. Los resultados de los casos son \u00fanicos para cada caso. Nuestros \u00e9xitos pasados \u200b\u200bno garantizan ni garantizan el resultado de su caso.<\/p>\n<p>Los contenidos de este sitio web est\u00e1n destinados exclusivamente a los residentes del estado de Nueva York. Nuestros abogados solo tienen licencia en el estado de Nueva York. La ley de Nueva York puede cambiar y \/ o se actualiza de a\u00f1o en a\u00f1o, incluidos los estatutos, c\u00f3digos, reglas e incluso casos de apelaci\u00f3n (si se anulan). Esto puede cambiar la aplicaci\u00f3n y la intenci\u00f3n de la ley de manera significativa. No asuma que la ley citada en el momento en que se escribi\u00f3 un art\u00edculo en este sitio sigue siendo la ley.<\/p>\n<p>Todas las representaciones visuales de eventos son dramatizaciones. Este anuncio es pagado por David Resnick Abogados que es un abogado con licencia de Nueva York. Este anuncio es solo para clientes de Nueva York. David Resnick Abogados acepta solo asuntos de Nueva York. Los servicios legales est\u00e1n limitados a clientes de Nueva York. Este anuncio no constituye asesoramiento legal y no es una garant\u00eda, garant\u00eda o predicci\u00f3n con respecto al resultado de cualquier asunto legal. Cada caso es diferente. Los resultados dependen de la ley \u00fanica, los hechos y las circunstancias de cada caso. La contrataci\u00f3n de un abogado es una decisi\u00f3n importante que no debe basarse \u00fanicamente en la publicidad. Solicite informaci\u00f3n gratuita sobre los antecedentes y la experiencia de su abogado. No se garantiza que la calidad del servicio legal que se realice sea superior a la de otros abogados. No se garantiza que los abogados sean especialistas certificados o expertos en ning\u00fan campo del derecho. No se proporcionar\u00e1n servicios legales a menos que el cliente y el abogado firmen un acuerdo por escrito.<\/p>\n<p>Cualquier informaci\u00f3n enviada a David Resnick Abogados por correo electr\u00f3nico a trav\u00e9s de Internet o del sitio web no es segura y se realiza de forma no confidencial. La transmisi\u00f3n de informaci\u00f3n desde este sitio web no crea una relaci\u00f3n abogado-cliente entre usted y la firma, ni tiene la intenci\u00f3n de hacerlo. La transmisi\u00f3n del sitio web, en parte o en su totalidad, y \/ o cualquier comunicaci\u00f3n con nosotros por correo electr\u00f3nico a trav\u00e9s de este sitio no constituye ni crea una relaci\u00f3n abogado-cliente entre nosotros y los destinatarios.<\/p>\n<p>Algunos enlaces dentro del sitio web pueden conducir a otros sitios web, incluidos los operados y mantenidos por terceros. La Firma incluye estos enlaces \u00fanicamente para su conveniencia, y la presencia de dicho enlace no implica una responsabilidad por el sitio vinculado o un respaldo del sitio vinculado, su operador o sus contenidos.<\/p>\n<p>Este sitio web y sus contenidos se proporcionan \u201cTAL CUAL\u201d sin garant\u00eda de ning\u00fan tipo, ya sea expresa o impl\u00edcita, incluidas, entre otras, las garant\u00edas impl\u00edcitas de comerciabilidad, idoneidad para un prop\u00f3sito particular o no infracci\u00f3n. David Resnick Abogados no desea representar a nadie que desee una representaci\u00f3n basada en ver este sitio web en un estado donde este sitio web no cumple con todas las leyes y normas \u00e9ticas de ese estado.<\/p>\n<p>La reproducci\u00f3n, distribuci\u00f3n, republicaci\u00f3n y \/ o retransmisi\u00f3n de cualquier material contenido en este sitio web est\u00e1 estrictamente prohibida a menos que se haya obtenido un permiso previo por escrito de David Resnick Abogados.<\/p>\n","protected":false},"excerpt":{"rendered":"<p>El contenido de este sitio web se proporciona \u00fanicamente con fines informativos y publicitarios, y no debe interpretarse como asesoramiento legal sobre ning\u00fan tema.\u00a0Este sitio web contiene informaci\u00f3n general y puede no reflejar desarrollos legales actuales, veredictos o acuerdos. David Resnick Abogados renuncia expresamente a toda responsabilidad con respecto a las acciones tomadas o no [&hellip;]<\/p>\n","protected":false},"author":9,"featured_media":0,"parent":0,"menu_order":848,"comment_status":"closed","ping_status":"closed","template":"","meta":{"_acf_changed":false,"footnotes":""},"class_list":["post-16669","page","type-page","status-publish","hentry"],"acf":[],"yoast_head":"<!-- This site is optimized with the Yoast SEO plugin v27.3 - https:\/\/yoast.com\/product\/yoast-seo-wordpress\/ -->\n<title>Renuncia De Responsabilidad \u2013 David Resnick Abogados<\/title>\n<meta name=\"description\" content=\"Renuncia De Responsabilidad: El contenido de este sitio web se proporciona \u00fanicamente con fines informativos y publicitarios, y no debe interpretarse como asesoramiento legal sobre ning\u00fan tema\" \/>\n<meta name=\"robots\" content=\"index, follow, max-snippet:-1, max-image-preview:large, max-video-preview:-1\" \/>\n<link rel=\"canonical\" href=\"https:\/\/www.injuryclaimnyclaw.com\/es\/renuncia-de-responsabilidad\/\" \/>\n<meta property=\"og:locale\" content=\"es_ES\" \/>\n<meta property=\"og:type\" content=\"article\" \/>\n<meta property=\"og:title\" content=\"Renuncia De Responsabilidad \u2013 David Resnick Abogados\" \/>\n<meta property=\"og:description\" content=\"Renuncia De Responsabilidad: El contenido de este sitio web se proporciona \u00fanicamente con fines informativos y publicitarios, y no debe interpretarse como asesoramiento legal sobre ning\u00fan tema\" \/>\n<meta property=\"og:url\" content=\"https:\/\/www.injuryclaimnyclaw.com\/es\/renuncia-de-responsabilidad\/\" \/>\n<meta property=\"og:site_name\" content=\"David Resnick &amp; Associates, P.C.\" \/>\n<meta property=\"article:publisher\" content=\"https:\/\/www.facebook.com\/DavidResnickLaw\" \/>\n<meta property=\"article:modified_time\" content=\"2025-04-03T13:03:47+00:00\" \/>\n<meta property=\"og:image\" content=\"https:\/\/www.injuryclaimnyclaw.com\/wp-content\/uploads\/2023\/12\/attorney-David-Resnick.jpeg\" \/>\n\t<meta property=\"og:image:width\" content=\"600\" \/>\n\t<meta property=\"og:image:height\" content=\"400\" \/>\n\t<meta property=\"og:image:type\" content=\"image\/jpeg\" \/>\n<meta name=\"twitter:card\" content=\"summary_large_image\" \/>\n<meta name=\"twitter:site\" content=\"@injurylawyerNYC\" \/>\n<meta name=\"twitter:label1\" content=\"Tiempo de lectura\" \/>\n\t<meta name=\"twitter:data1\" content=\"3 minutos\" \/>\n<!-- \/ Yoast SEO plugin. -->","yoast_head_json":{"title":"Renuncia De Responsabilidad \u2013 David Resnick Abogados","description":"Renuncia De Responsabilidad: El contenido de este sitio web se proporciona \u00fanicamente con fines informativos y publicitarios, y no debe interpretarse como asesoramiento legal sobre ning\u00fan tema","robots":{"index":"index","follow":"follow","max-snippet":"max-snippet:-1","max-image-preview":"max-image-preview:large","max-video-preview":"max-video-preview:-1"},"canonical":"https:\/\/www.injuryclaimnyclaw.com\/es\/renuncia-de-responsabilidad\/","og_locale":"es_ES","og_type":"article","og_title":"Renuncia De Responsabilidad \u2013 David Resnick Abogados","og_description":"Renuncia De Responsabilidad: El contenido de este sitio web se proporciona \u00fanicamente con fines informativos y publicitarios, y no debe interpretarse como asesoramiento legal sobre ning\u00fan tema","og_url":"https:\/\/www.injuryclaimnyclaw.com\/es\/renuncia-de-responsabilidad\/","og_site_name":"David Resnick &amp; Associates, P.C.","article_publisher":"https:\/\/www.facebook.com\/DavidResnickLaw","article_modified_time":"2025-04-03T13:03:47+00:00","og_image":[{"width":600,"height":400,"url":"https:\/\/www.injuryclaimnyclaw.com\/wp-content\/uploads\/2023\/12\/attorney-David-Resnick.jpeg","type":"image\/jpeg"}],"twitter_card":"summary_large_image","twitter_site":"@injurylawyerNYC","twitter_misc":{"Tiempo de lectura":"3 minutos"},"schema":{"@context":"https:\/\/schema.org","@graph":[{"@type":"WebPage","@id":"https:\/\/www.injuryclaimnyclaw.com\/es\/renuncia-de-responsabilidad\/","url":"https:\/\/www.injuryclaimnyclaw.com\/es\/renuncia-de-responsabilidad\/","name":"Renuncia De Responsabilidad \u2013 David Resnick Abogados","isPartOf":{"@id":"https:\/\/www.injuryclaimnyclaw.com\/es\/#website"},"datePublished":"2025-03-26T08:04:10+00:00","dateModified":"2025-04-03T13:03:47+00:00","description":"Renuncia De Responsabilidad: El contenido de este sitio web se proporciona \u00fanicamente con fines informativos y publicitarios, y no debe interpretarse como asesoramiento legal sobre ning\u00fan tema","breadcrumb":{"@id":"https:\/\/www.injuryclaimnyclaw.com\/es\/renuncia-de-responsabilidad\/#breadcrumb"},"inLanguage":"es","potentialAction":[{"@type":"ReadAction","target":["https:\/\/www.injuryclaimnyclaw.com\/es\/renuncia-de-responsabilidad\/"]}]},{"@type":"BreadcrumbList","@id":"https:\/\/www.injuryclaimnyclaw.com\/es\/renuncia-de-responsabilidad\/#breadcrumb","itemListElement":[{"@type":"ListItem","position":1,"name":"Inicio","item":"https:\/\/www.injuryclaimnyclaw.com\/es\/"},{"@type":"ListItem","position":2,"name":"Renuncia De Responsabilidad"}]},{"@type":"WebSite","@id":"https:\/\/www.injuryclaimnyclaw.com\/es\/#website","url":"https:\/\/www.injuryclaimnyclaw.com\/es\/","name":"David Resnick & Associates","description":"","publisher":{"@id":"https:\/\/www.injuryclaimnyclaw.com\/es\/#organization"},"potentialAction":[{"@type":"SearchAction","target":{"@type":"EntryPoint","urlTemplate":"https:\/\/www.injuryclaimnyclaw.com\/es\/?s={search_term_string}"},"query-input":{"@type":"PropertyValueSpecification","valueRequired":true,"valueName":"search_term_string"}}],"inLanguage":"es"},{"@type":"Organization","@id":"https:\/\/www.injuryclaimnyclaw.com\/es\/#organization","name":"David Resnick & Associates","url":"https:\/\/www.injuryclaimnyclaw.com\/es\/","logo":{"@type":"ImageObject","inLanguage":"es","@id":"https:\/\/www.injuryclaimnyclaw.com\/es\/#\/schema\/logo\/image\/","url":"https:\/\/www.injuryclaimnyclaw.com\/wp-content\/uploads\/2024\/01\/david-resnick-logo.png","contentUrl":"https:\/\/www.injuryclaimnyclaw.com\/wp-content\/uploads\/2024\/01\/david-resnick-logo.png","width":287,"height":87,"caption":"David Resnick & Associates"},"image":{"@id":"https:\/\/www.injuryclaimnyclaw.com\/es\/#\/schema\/logo\/image\/"},"sameAs":["https:\/\/www.facebook.com\/DavidResnickLaw","https:\/\/x.com\/injurylawyerNYC","http:\/\/www.linkedin.com\/in\/nyinjuryattorney","https:\/\/www.youtube.com\/user\/DavidResnickLaw"]}]}},"_links":{"self":[{"href":"https:\/\/www.injuryclaimnyclaw.com\/es\/wp-json\/wp\/v2\/pages\/16669","targetHints":{"allow":["GET"]}}],"collection":[{"href":"https:\/\/www.injuryclaimnyclaw.com\/es\/wp-json\/wp\/v2\/pages"}],"about":[{"href":"https:\/\/www.injuryclaimnyclaw.com\/es\/wp-json\/wp\/v2\/types\/page"}],"author":[{"embeddable":true,"href":"https:\/\/www.injuryclaimnyclaw.com\/es\/wp-json\/wp\/v2\/users\/9"}],"replies":[{"embeddable":true,"href":"https:\/\/www.injuryclaimnyclaw.com\/es\/wp-json\/wp\/v2\/comments?post=16669"}],"version-history":[{"count":0,"href":"https:\/\/www.injuryclaimnyclaw.com\/es\/wp-json\/wp\/v2\/pages\/16669\/revisions"}],"wp:attachment":[{"href":"https:\/\/www.injuryclaimnyclaw.com\/es\/wp-json\/wp\/v2\/media?parent=16669"}],"curies":[{"name":"wp","href":"https:\/\/api.w.org\/{rel}","templated":true}]}}